{"id":867,"date":"2019-06-27T10:39:44","date_gmt":"2019-06-27T13:39:44","guid":{"rendered":"https:\/\/www.secular-games.com\/?post_type=product&#038;p=867"},"modified":"2025-09-24T01:40:16","modified_gmt":"2025-09-24T04:40:16","slug":"violentina-2","status":"publish","type":"product","link":"https:\/\/seculargames.com.br\/loja\/index.php\/produto\/violentina-2\/","title":{"rendered":"Violentina"},"content":{"rendered":"<p><a href=\"http:\/\/seculargames.com.br\/loja\/wp-content\/uploads\/2019\/06\/TopProdutoViola.jpg\"><img loading=\"lazy\" decoding=\"async\" class=\"alignnone size-full wp-image-703330\" src=\"http:\/\/seculargames.com.br\/loja\/wp-content\/uploads\/2019\/06\/TopProdutoViola.jpg\" alt=\"\" width=\"1500\" height=\"430\" srcset=\"https:\/\/seculargames.com.br\/loja\/wp-content\/uploads\/2019\/06\/TopProdutoViola.jpg 1500w, https:\/\/seculargames.com.br\/loja\/wp-content\/uploads\/2019\/06\/TopProdutoViola-300x86.jpg 300w, https:\/\/seculargames.com.br\/loja\/wp-content\/uploads\/2019\/06\/TopProdutoViola-1024x294.jpg 1024w, https:\/\/seculargames.com.br\/loja\/wp-content\/uploads\/2019\/06\/TopProdutoViola-768x220.jpg 768w, https:\/\/seculargames.com.br\/loja\/wp-content\/uploads\/2019\/06\/TopProdutoViola-416x119.jpg 416w\" sizes=\"auto, (max-width: 1500px) 100vw, 1500px\" \/><\/a><\/p>\n<p><em><strong>Violentina<\/strong><\/em>\u00a0\u00e9 um\u00a0jogo sobre Viol\u00eancia, V\u00edcios, Vol\u00fapia \u2026e nem um Vint\u00e9m, onde os jogadores interpretam trapaceiros, mafiosos, femme fatales e autoridades corruptas em uma esp\u00e9cie de Colabora\u00e7\u00e3o Competitiva.<\/p>\n<p><em>O que voc\u00ea acharia de sentar com seus amigos ao redor de uma mesa, para contar uma eletrizante hist\u00f3ria tarantinesca; intensa e cheia de reviravoltas. Sobre mafiosos inescrupulosos e provocantes, mas perigosas femme fatales?<\/em><\/p>\n<p><em>E se ao contarem essa hist\u00f3ria, voc\u00eas se sentassem a mesa, exatamente como seus personagens fariam. Em uma mesa suja de Poker em um cassino clandestino? Pilantras, impostores e trapaceiros com fichas de poker na m\u00e3o, um cigarro fedorento no canto da boca, e o destino de suas vidas, decidido nas cartas de baralho\u2026<\/em><\/p>\n<p><em>Achou interessante?\u00a0Ent\u00e3o voc\u00ea precisa conhecer\u2026\u00a0<strong>Violentina<\/strong>!<\/em><\/p>\n<p><em><strong>Violentina<\/strong><\/em> \u00e9 um\u00a0jogo sobre Viol\u00eancia, V\u00edcios, Vol\u00fapia \u2026e nem um Vint\u00e9m, onde os jogadores interpretam trapaceiros, mafiosos, femme fatales e autoridades corruptas em uma esp\u00e9cie de Colabora\u00e7\u00e3o Competitiva.<\/p>\n<p>Profundamente inspirado na est\u00e9tica e na narrativa dos filmes de\u00a0<em>Quentin Tarantino <\/em>e<em> Guy Ritchie<\/em>, <em><strong>Violentina<\/strong><\/em> utiliza um\u00a0sistema baseado em cartas e fichas de poker\u00a0afim de distribuir de forma equilibrada o controle narrativo entre os jogadores, transformando aspectos e caracter\u00edsticas espec\u00edficas deste tipo de filme em mec\u00e2nicas de jogo.<\/p>\n<p>De acordo com esta proposta,\u00a0<em><strong>Violentina <\/strong><\/em>\u00e9 um Jogo de Contar Hist\u00f3rias\u00a0onde todo mundo \u00e9 mestre, sem preparo, sem ordem cronol\u00f3gica, baseado em enquadramentos de cena e na criatividade de todos os participantes.<\/p>\n<p>Eduardo Caetano<br \/>\n134<br \/>\nInterior P&amp;B impresso em papel Offset\/120g, Capa colorida<br \/>\n0.500 g<\/p>\n","protected":false},"excerpt":{"rendered":"<p>Violentina\u00a0\u00e9 um\u00a0jogo sobre Viol\u00eancia, V\u00edcios, Vol\u00fapia \u2026e nem um Vint\u00e9m, onde os jogadores interpretam trapaceiros, mafiosos, femme fatales e autoridades corruptas em uma esp\u00e9cie de Colabora\u00e7\u00e3o Competitiva. O que voc\u00ea acharia de sentar com seus amigos ao redor de uma mesa, para contar uma eletrizante hist\u00f3ria tarantinesca; intensa e cheia de reviravoltas. Sobre mafiosos inescrupulosos [&hellip;]<\/p>\n","protected":false},"featured_media":703332,"comment_status":"open","ping_status":"closed","template":"","meta":[],"product_brand":[],"product_cat":[210,47,59],"product_tag":[],"class_list":{"0":"post-867","1":"product","2":"type-product","3":"status-publish","4":"has-post-thumbnail","6":"product_cat-gratuito","7":"product_cat-pdf","8":"product_cat-violentina","10":"first","11":"instock","12":"downloadable","13":"virtual","14":"purchasable","15":"product-type-simple"},"_links":{"self":[{"href":"https:\/\/seculargames.com.br\/loja\/index.php\/wp-json\/wp\/v2\/product\/867","targetHints":{"allow":["GET"]}}],"collection":[{"href":"https:\/\/seculargames.com.br\/loja\/index.php\/wp-json\/wp\/v2\/product"}],"about":[{"href":"https:\/\/seculargames.com.br\/loja\/index.php\/wp-json\/wp\/v2\/types\/product"}],"replies":[{"embeddable":true,"href":"https:\/\/seculargames.com.br\/loja\/index.php\/wp-json\/wp\/v2\/comments?post=867"}],"wp:featuredmedia":[{"embeddable":true,"href":"https:\/\/seculargames.com.br\/loja\/index.php\/wp-json\/wp\/v2\/media\/703332"}],"wp:attachment":[{"href":"https:\/\/seculargames.com.br\/loja\/index.php\/wp-json\/wp\/v2\/media?parent=867"}],"wp:term":[{"taxonomy":"product_brand","embeddable":true,"href":"https:\/\/seculargames.com.br\/loja\/index.php\/wp-json\/wp\/v2\/product_brand?post=867"},{"taxonomy":"product_cat","embeddable":true,"href":"https:\/\/seculargames.com.br\/loja\/index.php\/wp-json\/wp\/v2\/product_cat?post=867"},{"taxonomy":"product_tag","embeddable":true,"href":"https:\/\/seculargames.com.br\/loja\/index.php\/wp-json\/wp\/v2\/product_tag?post=867"}],"curies":[{"name":"wp","href":"https:\/\/api.w.org\/{rel}","templated":true}]}}