{"id":863,"date":"2019-06-27T00:46:53","date_gmt":"2019-06-27T03:46:53","guid":{"rendered":"https:\/\/www.secular-games.com\/?post_type=product&#038;p=863"},"modified":"2025-12-27T13:45:47","modified_gmt":"2025-12-27T16:45:47","slug":"aureos-pdf","status":"publish","type":"product","link":"https:\/\/seculargames.com.br\/loja\/index.php\/produto\/aureos-pdf\/","title":{"rendered":"\u00c1ureos &#8211; Os Dan\u00e7arinos da Lua PDF"},"content":{"rendered":"<p><a href=\"http:\/\/seculargames.com.br\/loja\/wp-content\/uploads\/2019\/06\/TopProdutoAureos2.jpg\"><img loading=\"lazy\" decoding=\"async\" class=\"alignnone size-full wp-image-703274\" src=\"http:\/\/seculargames.com.br\/loja\/wp-content\/uploads\/2019\/06\/TopProdutoAureos2.jpg\" alt=\"\" width=\"1500\" height=\"430\" srcset=\"https:\/\/seculargames.com.br\/loja\/wp-content\/uploads\/2019\/06\/TopProdutoAureos2.jpg 1500w, https:\/\/seculargames.com.br\/loja\/wp-content\/uploads\/2019\/06\/TopProdutoAureos2-300x86.jpg 300w, https:\/\/seculargames.com.br\/loja\/wp-content\/uploads\/2019\/06\/TopProdutoAureos2-1024x294.jpg 1024w, https:\/\/seculargames.com.br\/loja\/wp-content\/uploads\/2019\/06\/TopProdutoAureos2-768x220.jpg 768w, https:\/\/seculargames.com.br\/loja\/wp-content\/uploads\/2019\/06\/TopProdutoAureos2-416x119.jpg 416w\" sizes=\"auto, (max-width: 1500px) 100vw, 1500px\" \/><\/a><\/p>\n<p><strong><span class=\"il\">\u00c1ureos<\/span>\u00a0\u2013 Os Dan\u00e7arinos da Lua<\/strong> \u00e9 um jogo no qual voc\u00ea interpreta um ex-escravizado, em um Brasil Colonial Fant\u00e1stico, e recebe as b\u00ean\u00e7\u00e3os de seu Orix\u00e1 para libertar seu povo.<\/p>\n<p><em><span class=\"il\">\u00c1ureos<\/span>\u00a0&#8211; Os Dan\u00e7arinos da Lua, \u00e9 um Roleplaying Game de Luta e Liberta\u00e7\u00e3o onde os dados jogam capoeira.\u00a0<\/em><br \/>\n<em>Nesse jogo voc\u00ea interpreta um \u00c1ureo, um ex-escravo que, em um Brasil Colonial fant\u00e1stico, recebe as b\u00ean\u00e7\u00e3os de seu Orix\u00e1 para libertar seu povo da escravid\u00e3o.<\/em><br \/>\n<em>Com um inovador sistema de jogo, que utiliza dados d8 e uma Roda onde ser\u00e3o realizadas as jogadas, os jogadores ter\u00e3o que testar sua destreza para que seus personagens consigam enfrentar Capit\u00e3es-do-Mato, Coron\u00e9is, Guardas armados, \u00cdndios canibais, Lendas folcl\u00f3ricas e Esp\u00edritos da natureza.\u00a0<\/em><\/p>\n<p>O sistema utiliza uma Roda na qual os dados s\u00e3o lan\u00e7ados e devem superar o n\u00famero-alvo rolado pelo narrador. O diferencial \u00e9 que os dados podem sair da roda, chutar outro dado para fora, ou mudar seu resultado. Essa intera\u00e7\u00e3o d\u00e1 uma din\u00e2mica especial ao jogo e por isso dizemos que os dados jogam capoeira.<\/p>\n<p>Invoque a for\u00e7a de\u00a0<strong>Ogum<\/strong>, a f\u00faria de<strong>\u00a0Ians\u00e3<\/strong>, a esperteza de<strong>\u00a0Er\u00ea<\/strong>, o carisma de <strong>Iemanj\u00e1<\/strong>, a acuidade de\u00a0<strong>Ox\u00f3ssi<\/strong>, as b\u00ean\u00e7\u00e3os de\u00a0<strong>Obaluai\u00ea<\/strong>, a sagacidade de\u00a0<strong>Exu<\/strong>\u00a0e a sapi\u00eancia de\u00a0<strong>Xang\u00f4<\/strong>\u00a0para libertar o seu povo e conduzi-los em seguran\u00e7a aos seus Kilombos, de onde se iniciar\u00e1 a verdadeira Revolu\u00e7\u00e3o.<\/p>\n<p>Rey Ooze<br \/>\n114<br \/>\n109 Mb<br \/>\nPDF<\/p>\n","protected":false},"excerpt":{"rendered":"<p>\u00c1ureos\u00a0\u2013 Os Dan\u00e7arinos da Lua \u00e9 um jogo no qual voc\u00ea interpreta um ex-escravizado, em um Brasil Colonial Fant\u00e1stico, e recebe as b\u00ean\u00e7\u00e3os de seu Orix\u00e1 para libertar seu povo. \u00c1ureos\u00a0&#8211; Os Dan\u00e7arinos da Lua, \u00e9 um Roleplaying Game de Luta e Liberta\u00e7\u00e3o onde os dados jogam capoeira.\u00a0 Nesse jogo voc\u00ea interpreta um \u00c1ureo, um [&hellip;]<\/p>\n","protected":false},"featured_media":703311,"comment_status":"open","ping_status":"closed","template":"","meta":[],"product_brand":[],"product_cat":[49,47],"product_tag":[],"class_list":{"0":"post-863","1":"product","2":"type-product","3":"status-publish","4":"has-post-thumbnail","6":"product_cat-aureos","7":"product_cat-pdf","8":"product_shipping_class-impresso","10":"first","11":"instock","12":"downloadable","13":"virtual","14":"purchasable","15":"product-type-simple"},"_links":{"self":[{"href":"https:\/\/seculargames.com.br\/loja\/index.php\/wp-json\/wp\/v2\/product\/863","targetHints":{"allow":["GET"]}}],"collection":[{"href":"https:\/\/seculargames.com.br\/loja\/index.php\/wp-json\/wp\/v2\/product"}],"about":[{"href":"https:\/\/seculargames.com.br\/loja\/index.php\/wp-json\/wp\/v2\/types\/product"}],"replies":[{"embeddable":true,"href":"https:\/\/seculargames.com.br\/loja\/index.php\/wp-json\/wp\/v2\/comments?post=863"}],"wp:featuredmedia":[{"embeddable":true,"href":"https:\/\/seculargames.com.br\/loja\/index.php\/wp-json\/wp\/v2\/media\/703311"}],"wp:attachment":[{"href":"https:\/\/seculargames.com.br\/loja\/index.php\/wp-json\/wp\/v2\/media?parent=863"}],"wp:term":[{"taxonomy":"product_brand","embeddable":true,"href":"https:\/\/seculargames.com.br\/loja\/index.php\/wp-json\/wp\/v2\/product_brand?post=863"},{"taxonomy":"product_cat","embeddable":true,"href":"https:\/\/seculargames.com.br\/loja\/index.php\/wp-json\/wp\/v2\/product_cat?post=863"},{"taxonomy":"product_tag","embeddable":true,"href":"https:\/\/seculargames.com.br\/loja\/index.php\/wp-json\/wp\/v2\/product_tag?post=863"}],"curies":[{"name":"wp","href":"https:\/\/api.w.org\/{rel}","templated":true}]}}