{"id":85767,"date":"2019-08-30T12:13:30","date_gmt":"2019-08-30T15:13:30","guid":{"rendered":"https:\/\/www.secular-games.com\/?post_type=product&#038;p=85767"},"modified":"2023-01-21T15:32:23","modified_gmt":"2023-01-21T18:32:23","slug":"o-formigueiro-infectado","status":"publish","type":"product","link":"https:\/\/seculargames.com.br\/loja\/index.php\/produto\/o-formigueiro-infectado\/","title":{"rendered":"O Formigueiro Infectado"},"content":{"rendered":"<p><strong>&#8220;O Formigueiro Infectado&#8221;<\/strong> \u00e9 parte de uma s\u00e9rie de aventuras de <strong>Joe Banner<\/strong> traduzidas para o portugu\u00eas e <strong>Totalmente Gratuitas.<\/strong> O autor possui diversas aventuras de 10 a 12 p\u00e1ginas que iremos traduzir, dar um acabamento especial e disponibilizar gratuitamente no novo site. A ideia \u00e9 publicar as aventuras mensalmente sempre em PDF e traduzido. Para voc\u00ea curtir ainda mais seu <strong>Dungeon World<\/strong> e espalhar esse jogo incr\u00edvel por a\u00ed.<\/p>\n","protected":false},"excerpt":{"rendered":"<p>Mini Aventuras Gratuitas para Dungeon World<\/p>\n","protected":false},"featured_media":703363,"comment_status":"open","ping_status":"closed","template":"","meta":[],"product_brand":[],"product_cat":[42,210,375,47],"product_tag":[244,39,38,41],"class_list":{"0":"post-85767","1":"product","2":"type-product","3":"status-publish","4":"has-post-thumbnail","6":"product_cat-dungeon-world","7":"product_cat-gratuito","8":"product_cat-joe-banner-series","9":"product_cat-pdf","10":"product_tag-dungeon-world","11":"product_tag-gratuito","12":"product_tag-pdf","13":"product_tag-rpg","15":"first","16":"instock","17":"downloadable","18":"virtual","19":"purchasable","20":"product-type-simple"},"_links":{"self":[{"href":"https:\/\/seculargames.com.br\/loja\/index.php\/wp-json\/wp\/v2\/product\/85767","targetHints":{"allow":["GET"]}}],"collection":[{"href":"https:\/\/seculargames.com.br\/loja\/index.php\/wp-json\/wp\/v2\/product"}],"about":[{"href":"https:\/\/seculargames.com.br\/loja\/index.php\/wp-json\/wp\/v2\/types\/product"}],"replies":[{"embeddable":true,"href":"https:\/\/seculargames.com.br\/loja\/index.php\/wp-json\/wp\/v2\/comments?post=85767"}],"wp:featuredmedia":[{"embeddable":true,"href":"https:\/\/seculargames.com.br\/loja\/index.php\/wp-json\/wp\/v2\/media\/703363"}],"wp:attachment":[{"href":"https:\/\/seculargames.com.br\/loja\/index.php\/wp-json\/wp\/v2\/media?parent=85767"}],"wp:term":[{"taxonomy":"product_brand","embeddable":true,"href":"https:\/\/seculargames.com.br\/loja\/index.php\/wp-json\/wp\/v2\/product_brand?post=85767"},{"taxonomy":"product_cat","embeddable":true,"href":"https:\/\/seculargames.com.br\/loja\/index.php\/wp-json\/wp\/v2\/product_cat?post=85767"},{"taxonomy":"product_tag","embeddable":true,"href":"https:\/\/seculargames.com.br\/loja\/index.php\/wp-json\/wp\/v2\/product_tag?post=85767"}],"curies":[{"name":"wp","href":"https:\/\/api.w.org\/{rel}","templated":true}]}}