{"id":826,"date":"2019-06-26T22:11:31","date_gmt":"2019-06-27T01:11:31","guid":{"rendered":"https:\/\/www.secular-games.com\/?post_type=product&#038;p=826"},"modified":"2025-10-11T20:50:14","modified_gmt":"2025-10-11T23:50:14","slug":"ued-pdf","status":"publish","type":"product","link":"https:\/\/seculargames.com.br\/loja\/index.php\/produto\/ued-pdf\/","title":{"rendered":"UED PDF"},"content":{"rendered":"<p><a href=\"http:\/\/seculargames.com.br\/loja\/wp-content\/uploads\/2019\/06\/TopProdutoUED2.jpg\"><img loading=\"lazy\" decoding=\"async\" class=\"alignnone size-full wp-image-703335\" src=\"http:\/\/seculargames.com.br\/loja\/wp-content\/uploads\/2019\/06\/TopProdutoUED2.jpg\" alt=\"\" width=\"1500\" height=\"430\" srcset=\"https:\/\/seculargames.com.br\/loja\/wp-content\/uploads\/2019\/06\/TopProdutoUED2.jpg 1500w, https:\/\/seculargames.com.br\/loja\/wp-content\/uploads\/2019\/06\/TopProdutoUED2-300x86.jpg 300w, https:\/\/seculargames.com.br\/loja\/wp-content\/uploads\/2019\/06\/TopProdutoUED2-1024x294.jpg 1024w, https:\/\/seculargames.com.br\/loja\/wp-content\/uploads\/2019\/06\/TopProdutoUED2-768x220.jpg 768w, https:\/\/seculargames.com.br\/loja\/wp-content\/uploads\/2019\/06\/TopProdutoUED2-416x119.jpg 416w\" sizes=\"auto, (max-width: 1500px) 100vw, 1500px\" \/><\/a><\/p>\n<p>United Earth Defense \u00e9 um jogo sobre uma nova gera\u00e7\u00e3o de habitantes da Terra, descendentes de sobreviventes de uma grande invas\u00e3o Alien\u00edgena, tentando reconstruir sua civiliza\u00e7\u00e3o durante uma Era Glacial que se abate sobre o planeta. A escassa e pouco confi\u00e1vel tecnologia remanescente \u00e9 sua \u00fanica ferramenta para essa empreitada e seu elo com a humanidade.<\/p>\n<p>United Earth Defense \u00e9 um jogo sobre uma nova gera\u00e7\u00e3o de habitantes da Terra, descendentes de sobreviventes de uma grande invas\u00e3o Alien\u00edgena, tentando reconstruir sua civiliza\u00e7\u00e3o durante uma Era Glacial que se abate sobre o planeta. A escassa e pouco confi\u00e1vel tecnologia remanescente \u00e9 sua \u00fanica ferramenta para essa empreitada e seu elo com a humanidade. Lan\u00e7ado em 2013 pela UNZA RPG, hoje ele j\u00e1 possui uma vers\u00e3o em ingl\u00eas dispon\u00edvel no Drivethru e Lulu.<\/p>\n<p>O jogo \u00e9 focado na experi\u00eancia de sobreviv\u00eancia, sendo que todo e qualquer recurso dispon\u00edvel ser\u00e1 vital para cumprir suas miss\u00f5es. O jogo possui uma estrutura cl\u00e1ssica de RPGS, com Mestre e Personagens, sendo que em sua vers\u00e3o final, tamb\u00e9m conta com regras para combate t\u00e1tico entre miniaturas usando o sistema de jogo.<\/p>\n<p>UED tamb\u00e9m deu origem ao Sistema Lost Dice, uma engine de desenvolvimento de jogos narrativos de sobreviv\u00eancia que teve diversas adapta\u00e7\u00f5es (hacks)<\/p>\n<p>Julio Matos &amp; Fabiano Saccol<br \/>\n136<br \/>\n45<\/p>\n","protected":false},"excerpt":{"rendered":"<p>RPG de Sobreviv\u00eancia e gerenciamento de recursos em um mundo gelado e P\u00f3s-apocalyptico<\/p>\n","protected":false},"featured_media":703336,"comment_status":"open","ping_status":"closed","template":"","meta":[],"product_brand":[],"product_cat":[210,47,48],"product_tag":[],"class_list":{"0":"post-826","1":"product","2":"type-product","3":"status-publish","4":"has-post-thumbnail","6":"product_cat-gratuito","7":"product_cat-pdf","8":"product_cat-ued","10":"first","11":"instock","12":"downloadable","13":"virtual","14":"purchasable","15":"product-type-simple"},"_links":{"self":[{"href":"https:\/\/seculargames.com.br\/loja\/index.php\/wp-json\/wp\/v2\/product\/826","targetHints":{"allow":["GET"]}}],"collection":[{"href":"https:\/\/seculargames.com.br\/loja\/index.php\/wp-json\/wp\/v2\/product"}],"about":[{"href":"https:\/\/seculargames.com.br\/loja\/index.php\/wp-json\/wp\/v2\/types\/product"}],"replies":[{"embeddable":true,"href":"https:\/\/seculargames.com.br\/loja\/index.php\/wp-json\/wp\/v2\/comments?post=826"}],"wp:featuredmedia":[{"embeddable":true,"href":"https:\/\/seculargames.com.br\/loja\/index.php\/wp-json\/wp\/v2\/media\/703336"}],"wp:attachment":[{"href":"https:\/\/seculargames.com.br\/loja\/index.php\/wp-json\/wp\/v2\/media?parent=826"}],"wp:term":[{"taxonomy":"product_brand","embeddable":true,"href":"https:\/\/seculargames.com.br\/loja\/index.php\/wp-json\/wp\/v2\/product_brand?post=826"},{"taxonomy":"product_cat","embeddable":true,"href":"https:\/\/seculargames.com.br\/loja\/index.php\/wp-json\/wp\/v2\/product_cat?post=826"},{"taxonomy":"product_tag","embeddable":true,"href":"https:\/\/seculargames.com.br\/loja\/index.php\/wp-json\/wp\/v2\/product_tag?post=826"}],"curies":[{"name":"wp","href":"https:\/\/api.w.org\/{rel}","templated":true}]}}