{"id":72078,"date":"2019-08-25T14:45:39","date_gmt":"2019-08-25T17:45:39","guid":{"rendered":"https:\/\/www.secular-games.com\/?post_type=product&#038;p=72078"},"modified":"2025-10-11T20:44:12","modified_gmt":"2025-10-11T23:44:12","slug":"apocalypse-world-2","status":"publish","type":"product","link":"https:\/\/seculargames.com.br\/loja\/index.php\/produto\/apocalypse-world-2\/","title":{"rendered":"Apocalypse World"},"content":{"rendered":"<p>&nbsp;<\/p>\n<p><a href=\"http:\/\/seculargames.com.br\/loja\/wp-content\/uploads\/2019\/08\/TopProdutoAWlivro.jpg\"><img loading=\"lazy\" decoding=\"async\" class=\"alignnone size-full wp-image-703306\" src=\"http:\/\/seculargames.com.br\/loja\/wp-content\/uploads\/2019\/08\/TopProdutoAWlivro.jpg\" alt=\"\" width=\"1500\" height=\"430\" srcset=\"https:\/\/seculargames.com.br\/loja\/wp-content\/uploads\/2019\/08\/TopProdutoAWlivro.jpg 1500w, https:\/\/seculargames.com.br\/loja\/wp-content\/uploads\/2019\/08\/TopProdutoAWlivro-300x86.jpg 300w, https:\/\/seculargames.com.br\/loja\/wp-content\/uploads\/2019\/08\/TopProdutoAWlivro-1024x294.jpg 1024w, https:\/\/seculargames.com.br\/loja\/wp-content\/uploads\/2019\/08\/TopProdutoAWlivro-768x220.jpg 768w, https:\/\/seculargames.com.br\/loja\/wp-content\/uploads\/2019\/08\/TopProdutoAWlivro-416x119.jpg 416w\" sizes=\"auto, (max-width: 1500px) 100vw, 1500px\" \/><\/a><\/p>\n<p><strong>Apocalypse World<\/strong> \u00e9 um jogo de conflitos e sobreviv\u00eancia em um futuro selvagem e atormentado. Nesse jogo, os jogadores possuem muito pouco e, por isso, tudo \u00e9 valioso demais para se perder. Al\u00e9m disso, a Apocalypse Engine tamb\u00e9m deu origem a diversos jogos incr\u00edveis \u201c<strong>Powered By Apocalypse<\/strong>\u201d ou \u201c<strong>PbtA<\/strong>\u201d como s\u00e3o chamados, entre eles <strong>Dungeon World<\/strong>, <strong>Sombras Urbanas<\/strong>, <strong>Monsterhearts<\/strong>, <strong>Tremulus<\/strong> e <strong>Desmortos<\/strong>, muitos desses j\u00e1 publicados no Brasil. Alguns RPGs cl\u00e1ssicos tamb\u00e9m foram \u201creeditados\u201d a partir das mec\u00e2nicas PbtA, como \u00e9 o caso do <strong>Kult<\/strong>, um grande t\u00edtulo que foi remodelado com as mesmas regras.<\/p>\n<p>Este livro com <strong>Capa Dura<\/strong> da Secular Games traz a <strong>Edi\u00e7\u00e3o Brasileira de Apocalypse World<\/strong> que corresponde \u00e0 tradu\u00e7\u00e3o e edi\u00e7\u00e3o completa de sua Segunda Edi\u00e7\u00e3o publicada em 2016, por via de Financiamento Coletivo. Efetuando sua compra, voc\u00ea recebe o Livro Impresso + PDF (oPDF fica dispon\u00edvel na sua conta assim que seu pagamento \u00e9 confirmado).<\/p>\n<p><strong>Jogo recomendado para maiores de 18 anos.<\/strong><\/p>\n<p>&nbsp;<\/p>\n<p>Vincent Baker e Meguey Baker<br \/>\n304<br \/>\n<strong>Capa Dura<\/strong> Colorida, Miolo Preto e Branco.<br \/>\nFormato A5<br \/>\nAproximadamente 0.500 g<\/p>\n","protected":false},"excerpt":{"rendered":"<p><a href=\"http:\/\/seculargames.com.br\/loja\/wp-content\/uploads\/2019\/08\/TopProdutoAWlivro.jpg\"><img loading=\"lazy\" decoding=\"async\" class=\"alignnone size-full wp-image-703306\" src=\"http:\/\/seculargames.com.br\/loja\/wp-content\/uploads\/2019\/08\/TopProdutoAWlivro.jpg\" alt=\"\" width=\"1500\" height=\"430\" srcset=\"https:\/\/seculargames.com.br\/loja\/wp-content\/uploads\/2019\/08\/TopProdutoAWlivro.jpg 1500w, https:\/\/seculargames.com.br\/loja\/wp-content\/uploads\/2019\/08\/TopProdutoAWlivro-300x86.jpg 300w, https:\/\/seculargames.com.br\/loja\/wp-content\/uploads\/2019\/08\/TopProdutoAWlivro-1024x294.jpg 1024w, https:\/\/seculargames.com.br\/loja\/wp-content\/uploads\/2019\/08\/TopProdutoAWlivro-768x220.jpg 768w, https:\/\/seculargames.com.br\/loja\/wp-content\/uploads\/2019\/08\/TopProdutoAWlivro-416x119.jpg 416w\" sizes=\"auto, (max-width: 1500px) 100vw, 1500px\" \/><\/a><\/p>\n<p><strong>Extras<\/strong><\/p>\n<p><a href=\"http:\/\/seculargames.com.br\/loja\/wp-content\/uploads\/2023\/03\/AW-Materiais-Impressao.pdf\">Manuais de Personagem e Mapa para impress\u00e3o<\/a> | <a href=\"https:\/\/www.facebook.com\/groups\/737611512956917\/\">Grupo de Discuss\u00e3o sobre AW<\/a> | <a href=\"http:\/\/seculargames.com.br\/loja\/wp-content\/uploads\/2023\/03\/MovimentosBasicos-scaled.jpg\">Movimentos B\u00e1sicos<\/a> |<a href=\"http:\/\/seculargames.com.br\/loja\/wp-content\/uploads\/2023\/03\/MapaDeAmeacas-scaled.jpg\"> Mapa de Amea\u00e7as<\/a><\/p>\n","protected":false},"featured_media":703251,"comment_status":"open","ping_status":"closed","template":"","meta":[],"product_brand":[],"product_cat":[212,35],"product_tag":[238,236,234,235,239,41,237],"class_list":{"0":"post-72078","1":"product","2":"type-product","3":"status-publish","4":"has-post-thumbnail","6":"product_cat-apocalypse-world","7":"product_cat-livro","8":"product_tag-apoc-engine","9":"product_tag-apocalypse-world","10":"product_tag-aw","11":"product_tag-pbta","12":"product_tag-pos-apocaliptico","13":"product_tag-rpg","14":"product_tag-vincent-baker","15":"product_shipping_class-impresso","17":"first","18":"instock","19":"featured","20":"downloadable","21":"shipping-taxable","22":"purchasable","23":"product-type-simple"},"_links":{"self":[{"href":"https:\/\/seculargames.com.br\/loja\/index.php\/wp-json\/wp\/v2\/product\/72078","targetHints":{"allow":["GET"]}}],"collection":[{"href":"https:\/\/seculargames.com.br\/loja\/index.php\/wp-json\/wp\/v2\/product"}],"about":[{"href":"https:\/\/seculargames.com.br\/loja\/index.php\/wp-json\/wp\/v2\/types\/product"}],"replies":[{"embeddable":true,"href":"https:\/\/seculargames.com.br\/loja\/index.php\/wp-json\/wp\/v2\/comments?post=72078"}],"wp:featuredmedia":[{"embeddable":true,"href":"https:\/\/seculargames.com.br\/loja\/index.php\/wp-json\/wp\/v2\/media\/703251"}],"wp:attachment":[{"href":"https:\/\/seculargames.com.br\/loja\/index.php\/wp-json\/wp\/v2\/media?parent=72078"}],"wp:term":[{"taxonomy":"product_brand","embeddable":true,"href":"https:\/\/seculargames.com.br\/loja\/index.php\/wp-json\/wp\/v2\/product_brand?post=72078"},{"taxonomy":"product_cat","embeddable":true,"href":"https:\/\/seculargames.com.br\/loja\/index.php\/wp-json\/wp\/v2\/product_cat?post=72078"},{"taxonomy":"product_tag","embeddable":true,"href":"https:\/\/seculargames.com.br\/loja\/index.php\/wp-json\/wp\/v2\/product_tag?post=72078"}],"curies":[{"name":"wp","href":"https:\/\/api.w.org\/{rel}","templated":true}]}}