{"id":703161,"date":"2022-04-07T10:29:24","date_gmt":"2022-04-07T13:29:24","guid":{"rendered":"https:\/\/www.secular-games.com\/?post_type=product&#038;p=703161"},"modified":"2025-10-11T20:49:19","modified_gmt":"2025-10-11T23:49:19","slug":"sundered-lands-as-terras-estilhacadas","status":"publish","type":"product","link":"https:\/\/seculargames.com.br\/loja\/index.php\/produto\/sundered-lands-as-terras-estilhacadas\/","title":{"rendered":"Sundered Lands | As Terras Estilha\u00e7adas"},"content":{"rendered":"<p><a href=\"http:\/\/seculargames.com.br\/loja\/wp-content\/uploads\/2022\/04\/Sundered.png\"><img loading=\"lazy\" decoding=\"async\" class=\"alignnone size-full wp-image-703287\" src=\"http:\/\/seculargames.com.br\/loja\/wp-content\/uploads\/2022\/04\/Sundered.png\" alt=\"\" width=\"1920\" height=\"794\" srcset=\"https:\/\/seculargames.com.br\/loja\/wp-content\/uploads\/2022\/04\/Sundered.png 1920w, https:\/\/seculargames.com.br\/loja\/wp-content\/uploads\/2022\/04\/Sundered-300x124.png 300w, https:\/\/seculargames.com.br\/loja\/wp-content\/uploads\/2022\/04\/Sundered-1024x423.png 1024w, https:\/\/seculargames.com.br\/loja\/wp-content\/uploads\/2022\/04\/Sundered-768x318.png 768w, https:\/\/seculargames.com.br\/loja\/wp-content\/uploads\/2022\/04\/Sundered-1536x635.png 1536w, https:\/\/seculargames.com.br\/loja\/wp-content\/uploads\/2022\/04\/Sundered-416x172.png 416w\" sizes=\"auto, (max-width: 1920px) 100vw, 1920px\" \/><\/a><\/p>\n<p><i><span style=\"font-weight: 400;\">Do Templo de Deus Algum at\u00e9 os Sal\u00f5es das Sepulturas dos mortos se fala dos Peregrinos Condenados em\u00a0 suas peregrina\u00e7\u00f5es em busca da paz. Por\u00e9m nas vielas das Cidades das Gaivotas, a viol\u00eancia e crueldade determinam o destino. Seriam eles capazes de sobreviver \u00e0s Terras Estilha\u00e7adas? E voc\u00ea, ser\u00e1 esse ser condenado ou os guerreiros e guardas que ele encontrar\u00e1 pelo caminho?<\/span><\/i><\/p>\n<p>Terras Estilha\u00e7adas \u00e9 uma s\u00e9rie de cinco jogos curtos, mais dois suplementos, todos ambientados nas ru\u00ednas de espada e feiti\u00e7aria do futuro. Os jogos s\u00e3o mutuamente compat\u00edveis e sobrepostos, mas independentes. Cada jogo \u00e9 jogado em 20-60 minutos. Voc\u00ea pode jog\u00e1-los na ordem que quiser. Voc\u00ea pode trazer o(a) personagem de um jogo para o pr\u00f3ximo ou criar outro(a) sempre que quiser. Cada um dos jogos tem uma esp\u00e9cie de GM, mas voc\u00ea deve revezar este papel de um jogo para outro.<\/p>\n<p>A <strong>Edi\u00e7\u00e3o Impressa<\/strong> \u00e9 especial, criada para entregar os jogos de forma \u00fanica na vers\u00e3o Brasileira. Esta edi\u00e7\u00e3o conta com um trifold mais 6 folders, tudo colorido em dentro de um envelope personalizado!<\/p>\n<p><strong>Lembrando que comprando a vers\u00e3o impressa voc\u00ea recebe o PDF INTEIRAMENTE GRATUITO!<\/strong><\/p>\n<p>Prepare-se para uma jornada muito al\u00e9m do comum pelas Terras Estilha\u00e7adas!<\/p>\n<p><em><strong>Previs\u00e3o de Envio: Em at\u00e9 20 dias ap\u00f3s a compra!<\/strong><\/em><\/p>\n<p>&nbsp;<\/p>\n<p><strong>Um Ser Peregrino<\/strong> foi desenvolvido para ser jogado online. Voc\u00ea interpreta uma pessoa peregrina, e seus amigos e amigas na internet tentam te levar para a sua perdi\u00e7\u00e3o.<\/p>\n<p>Os outros quatro jogos s\u00e3o projetados para jogar presencialmente:<\/p>\n<p><strong>Em Guardas da Caravana<\/strong>, voc\u00ea est\u00e1 guardando uma caravana na Estrada Queimada, e quem jogar como o Perigo cria monstros e outros desafios para tentar destru\u00ed-la.<\/p>\n<p><strong>Em Guarda Noturna<\/strong>, voc\u00ea est\u00e1 passando a noite contando hist\u00f3rias do seu passado para quem est\u00e1 lhe acompanhando na viagem.<\/p>\n<p><strong>Em Encontrando o Fim<\/strong>, voc\u00ea se resume \u00e0 sua ambi\u00e7\u00e3o e intelig\u00eancia, tentando abrir caminho nas ruas de uma cidade intrigante.<\/p>\n<p><strong>Em Guerreiras e Guerreiros<\/strong>, voc\u00ea encontra seus inimigos em batalha.<\/p>\n<p>Existem dois suplementos dentro da\u00a0<strong>Ambi\u00e7\u00e3o Incans\u00e1vel<\/strong> que adapta Guardas da Caravana a tr\u00eas circunst\u00e2ncias diferentes: algum(a) necromante tentando invocar, escravizar ou derrotar um poderoso fantasma; um(a) amante tentando manter um encontro proibido; e um(a) injusti\u00e7ado(a) em busca de repara\u00e7\u00e3o ou vingan\u00e7a.<\/p>\n<p>Interpretando nas Ru\u00ednas do Futuro recomenda juntar todos os outros jogos, cultivar as habilidades de jogar e criar novos jogos de Terras Estilha\u00e7adas de sua prefer\u00eancia. Inclui tamb\u00e9m uma ludografia e agradecimentos.<\/p>\n<p>Vincent Baker e Meguey Baker<\/p>\n<p>Pagina A4 Frente e Verso<\/p>\n<p>+ 6 P\u00e1ginas 21cm x 10cm<\/p>\n<p>Full Collor<br \/>\nTrifold Couche 300g 4&#215;4 color A4<\/p>\n<p>6 folders Couche 150&amp; 4&#215;4 color 21cm x 10cm<\/p>\n<p>Envelope Personalizado Papel Sulfite 4&#215;0 Color 22cm x 11cm<\/p>\n","protected":false},"excerpt":{"rendered":"<p>Do Templo de Deus Algum at\u00e9 os Sal\u00f5es das Sepulturas dos mortos se fala dos Peregrinos Condenados em\u00a0 suas peregrina\u00e7\u00f5es em busca da paz. Por\u00e9m nas vielas das Cidades das Gaivotas, a viol\u00eancia e crueldade determinam o destino. Seriam eles capazes de sobreviver \u00e0s Terras Estilha\u00e7adas? E voc\u00ea, ser\u00e1 esse ser condenado ou os guerreiros [&hellip;]<\/p>\n","protected":false},"featured_media":703280,"comment_status":"open","ping_status":"closed","template":"","meta":[],"product_brand":[],"product_cat":[463,35,409],"product_tag":[412,411,246,235,410,57,237],"class_list":{"0":"post-703161","1":"product","2":"type-product","3":"status-publish","4":"has-post-thumbnail","6":"product_cat-livreto","7":"product_cat-livro","8":"product_cat-sundered-lands","9":"product_tag-exclusivo","10":"product_tag-impresso","11":"product_tag-meguey-baker","12":"product_tag-pbta","13":"product_tag-sundered-lands","14":"product_tag-vincent","15":"product_tag-vincent-baker","16":"product_shipping_class-impresso","18":"first","19":"outofstock","20":"featured","21":"downloadable","22":"shipping-taxable","23":"purchasable","24":"product-type-simple"},"_links":{"self":[{"href":"https:\/\/seculargames.com.br\/loja\/index.php\/wp-json\/wp\/v2\/product\/703161","targetHints":{"allow":["GET"]}}],"collection":[{"href":"https:\/\/seculargames.com.br\/loja\/index.php\/wp-json\/wp\/v2\/product"}],"about":[{"href":"https:\/\/seculargames.com.br\/loja\/index.php\/wp-json\/wp\/v2\/types\/product"}],"replies":[{"embeddable":true,"href":"https:\/\/seculargames.com.br\/loja\/index.php\/wp-json\/wp\/v2\/comments?post=703161"}],"wp:featuredmedia":[{"embeddable":true,"href":"https:\/\/seculargames.com.br\/loja\/index.php\/wp-json\/wp\/v2\/media\/703280"}],"wp:attachment":[{"href":"https:\/\/seculargames.com.br\/loja\/index.php\/wp-json\/wp\/v2\/media?parent=703161"}],"wp:term":[{"taxonomy":"product_brand","embeddable":true,"href":"https:\/\/seculargames.com.br\/loja\/index.php\/wp-json\/wp\/v2\/product_brand?post=703161"},{"taxonomy":"product_cat","embeddable":true,"href":"https:\/\/seculargames.com.br\/loja\/index.php\/wp-json\/wp\/v2\/product_cat?post=703161"},{"taxonomy":"product_tag","embeddable":true,"href":"https:\/\/seculargames.com.br\/loja\/index.php\/wp-json\/wp\/v2\/product_tag?post=703161"}],"curies":[{"name":"wp","href":"https:\/\/api.w.org\/{rel}","templated":true}]}}