{"id":703141,"date":"2022-04-05T18:52:59","date_gmt":"2022-04-05T21:52:59","guid":{"rendered":"https:\/\/www.secular-games.com\/?post_type=product&#038;p=703141"},"modified":"2025-10-11T20:49:37","modified_gmt":"2025-10-11T23:49:37","slug":"sundered-lands-pdf","status":"publish","type":"product","link":"https:\/\/seculargames.com.br\/loja\/index.php\/produto\/sundered-lands-pdf\/","title":{"rendered":"Sundered Lands | As Terras Estilha\u00e7adas PDF"},"content":{"rendered":"<p><a href=\"http:\/\/seculargames.com.br\/loja\/wp-content\/uploads\/2022\/04\/SunderedCover.jpg\"><img loading=\"lazy\" decoding=\"async\" class=\"alignnone size-full wp-image-703343\" src=\"http:\/\/seculargames.com.br\/loja\/wp-content\/uploads\/2022\/04\/SunderedCover.jpg\" alt=\"\" width=\"1920\" height=\"1080\" srcset=\"https:\/\/seculargames.com.br\/loja\/wp-content\/uploads\/2022\/04\/SunderedCover.jpg 1920w, https:\/\/seculargames.com.br\/loja\/wp-content\/uploads\/2022\/04\/SunderedCover-300x169.jpg 300w, https:\/\/seculargames.com.br\/loja\/wp-content\/uploads\/2022\/04\/SunderedCover-1024x576.jpg 1024w, https:\/\/seculargames.com.br\/loja\/wp-content\/uploads\/2022\/04\/SunderedCover-768x432.jpg 768w, https:\/\/seculargames.com.br\/loja\/wp-content\/uploads\/2022\/04\/SunderedCover-1536x864.jpg 1536w, https:\/\/seculargames.com.br\/loja\/wp-content\/uploads\/2022\/04\/SunderedCover-416x234.jpg 416w\" sizes=\"auto, (max-width: 1920px) 100vw, 1920px\" \/><\/a><\/p>\n<p><i><span style=\"font-weight: 400;\">Do Templo de Deus Algum at\u00e9 os Sal\u00f5es das Sepulturas dos mortos se fala dos Peregrinos Condenados em\u00a0 suas peregrina\u00e7\u00f5es em busca da paz. Por\u00e9m nas vielas das Cidades das Gaivotas, a viol\u00eancia e crueldade determinam o destino. Seriam eles capazes de sobreviver \u00e0s Terras Estilha\u00e7adas? E voc\u00ea, ser\u00e1 esse ser condenado ou os guerreiros e guardas que ele encontrar\u00e1 pelo caminho?<\/span><\/i><\/p>\n<p>Terras Estilha\u00e7adas \u00e9 uma s\u00e9rie de cinco jogos curtos, mais dois suplementos, todos ambientados nas ru\u00ednas de espada e feiti\u00e7aria do futuro. Os jogos s\u00e3o mutuamente compat\u00edveis e sobrepostos, mas independentes. Cada jogo \u00e9 jogado em 20-60 minutos. Voc\u00ea pode jog\u00e1-los na ordem que quiser. Voc\u00ea pode trazer o(a) personagem de um jogo para o pr\u00f3ximo ou criar outro(a) sempre que quiser. Cada um dos jogos tem uma esp\u00e9cie de GM, mas voc\u00ea deve revezar este papel de um jogo para outro.<\/p>\n<p>Prepare-se para uma jornada muito al\u00e9m do comum pelas Terras Estilha\u00e7adas!<\/p>\n<p><strong>Um Ser Peregrino<\/strong> foi desenvolvido para ser jogado online. Voc\u00ea interpreta uma pessoa peregrina, e seus amigos e amigas na internet tentam te levar para a sua perdi\u00e7\u00e3o.<\/p>\n<p>Os outros quatro jogos s\u00e3o projetados para jogar presencialmente:<\/p>\n<p><strong>Em Guardas da Caravana<\/strong>, voc\u00ea est\u00e1 guardando uma caravana na Estrada Queimada, e quem jogar como o Perigo cria monstros e outros desafios para tentar destru\u00ed-la.<\/p>\n<p><strong>Em Guarda Noturna<\/strong>, voc\u00ea est\u00e1 passando a noite contando hist\u00f3rias do seu passado para quem est\u00e1 lhe acompanhando na viagem.<\/p>\n<p><strong>Em Encontrando o Fim<\/strong>, voc\u00ea se resume \u00e0 sua ambi\u00e7\u00e3o e intelig\u00eancia, tentando abrir caminho nas ruas de uma cidade intrigante.<\/p>\n<p><strong>Em Guerreiras e Guerreiros<\/strong>, voc\u00ea encontra seus inimigos em batalha.<\/p>\n<p>Existem dois suplementos dentro da\u00a0<strong>Ambi\u00e7\u00e3o Incans\u00e1vel<\/strong> que adapta Guardas da Caravana a tr\u00eas circunst\u00e2ncias diferentes: algum(a) necromante tentando invocar, escravizar ou derrotar um poderoso fantasma; um(a) amante tentando manter um encontro proibido; e um(a) injusti\u00e7ado(a) em busca de repara\u00e7\u00e3o ou vingan\u00e7a.<\/p>\n<p>Interpretando nas Ru\u00ednas do Futuro recomenda juntar todos os outros jogos, cultivar as habilidades de jogar e criar novos jogos de Terras Estilha\u00e7adas de sua prefer\u00eancia. Inclui tamb\u00e9m uma ludografia e agradecimentos.<\/p>\n","protected":false},"excerpt":{"rendered":"<p>Do Templo de Deus Algum at\u00e9 os Sal\u00f5es das Sepulturas dos mortos se fala dos Peregrinos Condenados em\u00a0 suas peregrina\u00e7\u00f5es em busca da paz. Por\u00e9m nas vielas das Cidades das Gaivotas, a viol\u00eancia e crueldade determinam o destino. Seriam eles capazes de sobreviver \u00e0s Terras Estilha\u00e7adas? E voc\u00ea, ser\u00e1 esse ser condenado ou os guerreiros [&hellip;]<\/p>\n","protected":false},"featured_media":703345,"comment_status":"open","ping_status":"closed","template":"","meta":[],"product_brand":[],"product_cat":[47,409],"product_tag":[246,235,410,57,237],"class_list":{"0":"post-703141","1":"product","2":"type-product","3":"status-publish","4":"has-post-thumbnail","6":"product_cat-pdf","7":"product_cat-sundered-lands","8":"product_tag-meguey-baker","9":"product_tag-pbta","10":"product_tag-sundered-lands","11":"product_tag-vincent","12":"product_tag-vincent-baker","13":"product_shipping_class-impresso","15":"first","16":"instock","17":"downloadable","18":"virtual","19":"purchasable","20":"product-type-simple"},"_links":{"self":[{"href":"https:\/\/seculargames.com.br\/loja\/index.php\/wp-json\/wp\/v2\/product\/703141","targetHints":{"allow":["GET"]}}],"collection":[{"href":"https:\/\/seculargames.com.br\/loja\/index.php\/wp-json\/wp\/v2\/product"}],"about":[{"href":"https:\/\/seculargames.com.br\/loja\/index.php\/wp-json\/wp\/v2\/types\/product"}],"replies":[{"embeddable":true,"href":"https:\/\/seculargames.com.br\/loja\/index.php\/wp-json\/wp\/v2\/comments?post=703141"}],"wp:featuredmedia":[{"embeddable":true,"href":"https:\/\/seculargames.com.br\/loja\/index.php\/wp-json\/wp\/v2\/media\/703345"}],"wp:attachment":[{"href":"https:\/\/seculargames.com.br\/loja\/index.php\/wp-json\/wp\/v2\/media?parent=703141"}],"wp:term":[{"taxonomy":"product_brand","embeddable":true,"href":"https:\/\/seculargames.com.br\/loja\/index.php\/wp-json\/wp\/v2\/product_brand?post=703141"},{"taxonomy":"product_cat","embeddable":true,"href":"https:\/\/seculargames.com.br\/loja\/index.php\/wp-json\/wp\/v2\/product_cat?post=703141"},{"taxonomy":"product_tag","embeddable":true,"href":"https:\/\/seculargames.com.br\/loja\/index.php\/wp-json\/wp\/v2\/product_tag?post=703141"}],"curies":[{"name":"wp","href":"https:\/\/api.w.org\/{rel}","templated":true}]}}