{"id":702961,"date":"2022-03-05T15:44:42","date_gmt":"2022-03-05T18:44:42","guid":{"rendered":"https:\/\/www.secular-games.com\/?post_type=product&#038;p=702961"},"modified":"2023-01-21T14:02:59","modified_gmt":"2023-01-21T17:02:59","slug":"apocalypse-world-livro-de-referencias-estendidas","status":"publish","type":"product","link":"https:\/\/seculargames.com.br\/loja\/index.php\/produto\/apocalypse-world-livro-de-referencias-estendidas\/","title":{"rendered":"Apocalypse World &#8211; Livro de Refer\u00eancias Estendidas"},"content":{"rendered":"<p><a href=\"http:\/\/seculargames.com.br\/loja\/wp-content\/uploads\/2022\/03\/TopProdutoAW.jpg\"><img loading=\"lazy\" decoding=\"async\" class=\"alignnone size-full wp-image-703301\" src=\"http:\/\/seculargames.com.br\/loja\/wp-content\/uploads\/2022\/03\/TopProdutoAW.jpg\" alt=\"\" width=\"1500\" height=\"430\" srcset=\"https:\/\/seculargames.com.br\/loja\/wp-content\/uploads\/2022\/03\/TopProdutoAW.jpg 1500w, https:\/\/seculargames.com.br\/loja\/wp-content\/uploads\/2022\/03\/TopProdutoAW-300x86.jpg 300w, https:\/\/seculargames.com.br\/loja\/wp-content\/uploads\/2022\/03\/TopProdutoAW-1024x294.jpg 1024w, https:\/\/seculargames.com.br\/loja\/wp-content\/uploads\/2022\/03\/TopProdutoAW-768x220.jpg 768w, https:\/\/seculargames.com.br\/loja\/wp-content\/uploads\/2022\/03\/TopProdutoAW-416x119.jpg 416w\" sizes=\"auto, (max-width: 1500px) 100vw, 1500px\" \/><\/a><\/p>\n<p><em>O Livro de Refer\u00eancias Estendidas \u00e9 um suplemento especial com novas ideias para expandir as possibilidades de jogo em Apocalypse World. Criado por Meguey e Vincent Baker com diversas colabora\u00e7\u00f5es, o suplemento conta com 39 p\u00e1ginas em Wide com muito conte\u00fado para sua mesa de jogo!<\/em><\/p>\n<p>Comece agora uma nova jornada no Apocalypse tentando salvar oque foi perdido ou indo ainda mais fundo Vomitado Apocal\u00edptica!<\/p>\n<p>A escolha \u00e9 sua!<\/p>\n<p><em><span class=\"_5yl5\">Depois do fim de tudo, com a chegada da Tempestade que assola o mundo, alguns apenas se adequaram a essa realidade, por\u00e9m outros encararam isso de forma diferente.<\/span><\/em><\/p>\n<p><em>Ser\u00e1 que voc\u00ea \u00e9 uma Quarentena que acabou de acordar e precisa lidar com o fim do mundo, ou uma Fuzileira Desembarcada cumprindo miss\u00f5es com seu Traje Andarilho.<\/em><\/p>\n<p><em>Mas cuidado, nem tudo \u00e9 t\u00e3o simples. Ser\u00e1 que aquela comunidade inteira n\u00e3o \u00e9 apenas um indiv\u00edduo?<strong> Ser\u00e1 que ela n\u00e3o \u00e9 voc\u00ea?<\/strong><\/em><\/p>\n<ul>\n<li>PDF com bookmarks<\/li>\n<li>9 novos Personagens<\/li>\n<li>3 Suplementos Especiais com regras novas.<\/li>\n<li>TRAJES ANDARILHOS (Sim, mechas em AW)<\/li>\n<li>Fichas customizadas para imprimir<\/li>\n<li>Regras de Frentes para voc\u00ea usar em sua campanha de Apocalypse World!<\/li>\n<\/ul>\n<p>Este m\u00f3dulo necessita do Livro B\u00e1sico de Apocalypse World para ser jogado e sua distribui\u00e7\u00e3o ser\u00e1 exclusivamente digital.<\/p>\n","protected":false},"excerpt":{"rendered":"<p>O Livro de Refer\u00eancias Estendidas \u00e9 um suplemento especial com novas ideias para expandir as possibilidades de jogo em Apocalypse World. Criado por Meguey e Vincent Baker com diversas colabora\u00e7\u00f5es, o suplemento conta com 39 p\u00e1ginas em Wide com muito conte\u00fado para sua mesa de jogo! Comece agora uma nova jornada no Apocalypse tentando salvar [&hellip;]<\/p>\n","protected":false},"featured_media":703303,"comment_status":"open","ping_status":"closed","template":"","meta":[],"product_brand":[],"product_cat":[212,47],"product_tag":[236,234,246,235,57,237],"class_list":{"0":"post-702961","1":"product","2":"type-product","3":"status-publish","4":"has-post-thumbnail","6":"product_cat-apocalypse-world","7":"product_cat-pdf","8":"product_tag-apocalypse-world","9":"product_tag-aw","10":"product_tag-meguey-baker","11":"product_tag-pbta","12":"product_tag-vincent","13":"product_tag-vincent-baker","14":"product_shipping_class-impresso","16":"first","17":"instock","18":"downloadable","19":"virtual","20":"purchasable","21":"product-type-simple"},"_links":{"self":[{"href":"https:\/\/seculargames.com.br\/loja\/index.php\/wp-json\/wp\/v2\/product\/702961","targetHints":{"allow":["GET"]}}],"collection":[{"href":"https:\/\/seculargames.com.br\/loja\/index.php\/wp-json\/wp\/v2\/product"}],"about":[{"href":"https:\/\/seculargames.com.br\/loja\/index.php\/wp-json\/wp\/v2\/types\/product"}],"replies":[{"embeddable":true,"href":"https:\/\/seculargames.com.br\/loja\/index.php\/wp-json\/wp\/v2\/comments?post=702961"}],"wp:featuredmedia":[{"embeddable":true,"href":"https:\/\/seculargames.com.br\/loja\/index.php\/wp-json\/wp\/v2\/media\/703303"}],"wp:attachment":[{"href":"https:\/\/seculargames.com.br\/loja\/index.php\/wp-json\/wp\/v2\/media?parent=702961"}],"wp:term":[{"taxonomy":"product_brand","embeddable":true,"href":"https:\/\/seculargames.com.br\/loja\/index.php\/wp-json\/wp\/v2\/product_brand?post=702961"},{"taxonomy":"product_cat","embeddable":true,"href":"https:\/\/seculargames.com.br\/loja\/index.php\/wp-json\/wp\/v2\/product_cat?post=702961"},{"taxonomy":"product_tag","embeddable":true,"href":"https:\/\/seculargames.com.br\/loja\/index.php\/wp-json\/wp\/v2\/product_tag?post=702961"}],"curies":[{"name":"wp","href":"https:\/\/api.w.org\/{rel}","templated":true}]}}