{"id":700237,"date":"2021-01-20T18:18:37","date_gmt":"2021-01-20T21:18:37","guid":{"rendered":"https:\/\/www.secular-games.com\/?post_type=product&#038;p=700237"},"modified":"2023-01-21T14:57:03","modified_gmt":"2023-01-21T17:57:03","slug":"eu-estou-no-controle","status":"publish","type":"product","link":"https:\/\/seculargames.com.br\/loja\/index.php\/produto\/eu-estou-no-controle\/","title":{"rendered":"Eu Estou no Controle"},"content":{"rendered":"<p><strong>Eu estou no Controle<\/strong> \u00e9 um jogo minimalista sobre M\u00faltiplas Personalidades de um folheto \u00fanico com um sistema original e feito como um ensaio para a RPGJam 2020 mas completamente pronto e jog\u00e1vel..<\/p>\n<p>Neste panfleto gratuito, que cont\u00e9m todas as regras que voc\u00ea precisa para assumir um dos pap\u00e9is no jogo (Personalidade), voc\u00ea criar\u00e1 uma hist\u00f3ria sobre um indiv\u00edduo que possui v\u00e1rias personalidades em disputa pelo controle de suas a\u00e7\u00f5es e opini\u00f5es.<\/p>\n<p>A hist\u00f3ria gira em torno dos <b>La\u00e7os <\/b>que cada personalidade criou com personagens espec\u00edficos que cruzaram a vida do indiv\u00edduo. O Jogo n\u00e3o tem Mestre (GMless) e mescla mec\u00e2nicas narrativas com disputas para encontrar a origem do trauma e estabelecer qual personalidade \u00e9 a verdadeira.<\/p>\n<p>Aproveite e baixe o seu gratuitamente e experimente mais esta op\u00e7\u00e3o para rodar cenas dram\u00e1ticas, usando apenas o panfleto impresso (um para cada pessoa jogadora) e um conjunto de dados de 6 lados.<\/p>\n","protected":false},"excerpt":{"rendered":"<p>Jogo de Narrativa Dram\u00e1tica Minimalista GMLess de uma p\u00e1gina utilizando sistema original.<\/p>\n","protected":false},"featured_media":703346,"comment_status":"open","ping_status":"closed","template":"","meta":[],"product_brand":[],"product_cat":[210,47],"product_tag":[382,39,381,38,41],"class_list":{"0":"post-700237","1":"product","2":"type-product","3":"status-publish","4":"has-post-thumbnail","6":"product_cat-gratuito","7":"product_cat-pdf","8":"product_tag-gmless","9":"product_tag-gratuito","10":"product_tag-minimalista","11":"product_tag-pdf","12":"product_tag-rpg","14":"first","15":"instock","16":"downloadable","17":"virtual","18":"purchasable","19":"product-type-simple"},"_links":{"self":[{"href":"https:\/\/seculargames.com.br\/loja\/index.php\/wp-json\/wp\/v2\/product\/700237","targetHints":{"allow":["GET"]}}],"collection":[{"href":"https:\/\/seculargames.com.br\/loja\/index.php\/wp-json\/wp\/v2\/product"}],"about":[{"href":"https:\/\/seculargames.com.br\/loja\/index.php\/wp-json\/wp\/v2\/types\/product"}],"replies":[{"embeddable":true,"href":"https:\/\/seculargames.com.br\/loja\/index.php\/wp-json\/wp\/v2\/comments?post=700237"}],"wp:featuredmedia":[{"embeddable":true,"href":"https:\/\/seculargames.com.br\/loja\/index.php\/wp-json\/wp\/v2\/media\/703346"}],"wp:attachment":[{"href":"https:\/\/seculargames.com.br\/loja\/index.php\/wp-json\/wp\/v2\/media?parent=700237"}],"wp:term":[{"taxonomy":"product_brand","embeddable":true,"href":"https:\/\/seculargames.com.br\/loja\/index.php\/wp-json\/wp\/v2\/product_brand?post=700237"},{"taxonomy":"product_cat","embeddable":true,"href":"https:\/\/seculargames.com.br\/loja\/index.php\/wp-json\/wp\/v2\/product_cat?post=700237"},{"taxonomy":"product_tag","embeddable":true,"href":"https:\/\/seculargames.com.br\/loja\/index.php\/wp-json\/wp\/v2\/product_tag?post=700237"}],"curies":[{"name":"wp","href":"https:\/\/api.w.org\/{rel}","templated":true}]}}