{"id":624,"date":"2019-06-20T00:47:43","date_gmt":"2019-06-20T03:47:43","guid":{"rendered":"https:\/\/www.secular-games.com\/?post_type=product&#038;p=624"},"modified":"2023-01-21T15:35:39","modified_gmt":"2023-01-21T18:35:39","slug":"dungeon-world-cacada-sombria-ordem-dos-ultimos","status":"publish","type":"product","link":"https:\/\/seculargames.com.br\/loja\/index.php\/produto\/dungeon-world-cacada-sombria-ordem-dos-ultimos\/","title":{"rendered":"Dungeon World PDF + Ca\u00e7ada Sombria + Ordem dos \u00daltimos"},"content":{"rendered":"<p><a href=\"http:\/\/seculargames.com.br\/loja\/wp-content\/uploads\/2019\/06\/TopProdutoCombo.jpg\"><img loading=\"lazy\" decoding=\"async\" class=\"alignnone size-full wp-image-703366\" src=\"http:\/\/seculargames.com.br\/loja\/wp-content\/uploads\/2019\/06\/TopProdutoCombo.jpg\" alt=\"\" width=\"1500\" height=\"430\" srcset=\"https:\/\/seculargames.com.br\/loja\/wp-content\/uploads\/2019\/06\/TopProdutoCombo.jpg 1500w, https:\/\/seculargames.com.br\/loja\/wp-content\/uploads\/2019\/06\/TopProdutoCombo-300x86.jpg 300w, https:\/\/seculargames.com.br\/loja\/wp-content\/uploads\/2019\/06\/TopProdutoCombo-1024x294.jpg 1024w, https:\/\/seculargames.com.br\/loja\/wp-content\/uploads\/2019\/06\/TopProdutoCombo-768x220.jpg 768w, https:\/\/seculargames.com.br\/loja\/wp-content\/uploads\/2019\/06\/TopProdutoCombo-416x119.jpg 416w\" sizes=\"auto, (max-width: 1500px) 100vw, 1500px\" \/><\/a><\/p>\n<p>Neste super combo voc\u00ea leva o RPG de Fantasia Medieval Completo <strong>Dungeon World<\/strong>, a aventura <strong>Ca\u00e7ada Sombria<\/strong> e o m\u00f3dulo de campanha<strong> A Ordem dos \u00daltimos<\/strong>!<\/p>\n<p>Sage LaTorra, Adam Koebel e Julio Matos<br \/>\n+ 600 p\u00e1ginas de conte\u00fado<br \/>\n85 Mb<br \/>\nPDF<\/p>\n<p><em>Dungeon World \u00e9 um RPG de aventura fant\u00e1stica que combina a pegada dos jogos da velha guarda com regras modernas. Voc\u00ea e seus amigos v\u00e3o explorar terras repletas de magia e perigos no papel de aventureiros em busca de fama, ouro e gl\u00f3ria!<\/em><\/p>\n<p><em>Ca\u00e7ada Sombria: Leve seu grupo de jogo a uma intrigante persegui\u00e7\u00e3o pelas ruas de um Porto long\u00ednquo, onde seu grande desafio ser\u00e1 discernir seus inimigos de seus aliados. A Ca\u00e7ada Sombria \u00e9 um m\u00f3dulo de campanha para Dungeon World onde os personagens ca\u00e7am um espi\u00e3o fugitivo, antes que ele escape do reino com informa\u00e7\u00f5es que levariam a uma grande guerra.<\/em><\/p>\n","protected":false},"excerpt":{"rendered":"<p>Neste super combo voc\u00ea leva o RPG de Fantasia Medieval Completo Dungeon World, a aventura Ca\u00e7ada Sombria e o m\u00f3dulo de campanha A Ordem dos \u00daltimos! Sage LaTorra, Adam Koebel e Julio Matos + 600 p\u00e1ginas de conte\u00fado 85 Mb PDF Dungeon World \u00e9 um RPG de aventura fant\u00e1stica que combina a pegada dos jogos [&hellip;]<\/p>\n","protected":false},"featured_media":703367,"comment_status":"open","ping_status":"closed","template":"","meta":[],"product_brand":[],"product_cat":[281,42,47],"product_tag":[],"class_list":{"0":"post-624","1":"product","2":"type-product","3":"status-publish","4":"has-post-thumbnail","6":"product_cat-combo","7":"product_cat-dungeon-world","8":"product_cat-pdf","10":"first","11":"instock","12":"downloadable","13":"virtual","14":"purchasable","15":"product-type-simple"},"_links":{"self":[{"href":"https:\/\/seculargames.com.br\/loja\/index.php\/wp-json\/wp\/v2\/product\/624","targetHints":{"allow":["GET"]}}],"collection":[{"href":"https:\/\/seculargames.com.br\/loja\/index.php\/wp-json\/wp\/v2\/product"}],"about":[{"href":"https:\/\/seculargames.com.br\/loja\/index.php\/wp-json\/wp\/v2\/types\/product"}],"replies":[{"embeddable":true,"href":"https:\/\/seculargames.com.br\/loja\/index.php\/wp-json\/wp\/v2\/comments?post=624"}],"wp:featuredmedia":[{"embeddable":true,"href":"https:\/\/seculargames.com.br\/loja\/index.php\/wp-json\/wp\/v2\/media\/703367"}],"wp:attachment":[{"href":"https:\/\/seculargames.com.br\/loja\/index.php\/wp-json\/wp\/v2\/media?parent=624"}],"wp:term":[{"taxonomy":"product_brand","embeddable":true,"href":"https:\/\/seculargames.com.br\/loja\/index.php\/wp-json\/wp\/v2\/product_brand?post=624"},{"taxonomy":"product_cat","embeddable":true,"href":"https:\/\/seculargames.com.br\/loja\/index.php\/wp-json\/wp\/v2\/product_cat?post=624"},{"taxonomy":"product_tag","embeddable":true,"href":"https:\/\/seculargames.com.br\/loja\/index.php\/wp-json\/wp\/v2\/product_tag?post=624"}],"curies":[{"name":"wp","href":"https:\/\/api.w.org\/{rel}","templated":true}]}}