{"id":602,"date":"2019-06-19T23:42:38","date_gmt":"2019-06-20T02:42:38","guid":{"rendered":"https:\/\/www.secular-games.com\/?post_type=product&#038;p=602"},"modified":"2023-01-21T14:07:07","modified_gmt":"2023-01-21T17:07:07","slug":"cacada-sombria","status":"publish","type":"product","link":"https:\/\/seculargames.com.br\/loja\/index.php\/produto\/cacada-sombria\/","title":{"rendered":"Ca\u00e7ada Sombria"},"content":{"rendered":"<p><a href=\"http:\/\/seculargames.com.br\/loja\/wp-content\/uploads\/2019\/06\/BannerBaixoCacadaSombria2.jpg\"><img loading=\"lazy\" decoding=\"async\" class=\"alignnone size-full wp-image-703308\" src=\"http:\/\/seculargames.com.br\/loja\/wp-content\/uploads\/2019\/06\/BannerBaixoCacadaSombria2.jpg\" alt=\"\" width=\"720\" height=\"350\" srcset=\"https:\/\/seculargames.com.br\/loja\/wp-content\/uploads\/2019\/06\/BannerBaixoCacadaSombria2.jpg 720w, https:\/\/seculargames.com.br\/loja\/wp-content\/uploads\/2019\/06\/BannerBaixoCacadaSombria2-300x146.jpg 300w, https:\/\/seculargames.com.br\/loja\/wp-content\/uploads\/2019\/06\/BannerBaixoCacadaSombria2-416x202.jpg 416w\" sizes=\"auto, (max-width: 720px) 100vw, 720px\" \/><\/a><\/p>\n<p>Comece a jogar Dungeon World ca\u00e7ando a mais perigosa das presas!<br \/>\nLeve seu grupo de jogo a uma intrigante persegui\u00e7\u00e3o pelas ruas de um Porto long\u00ednquo., onde seu grande desafio ser\u00e1 discernir seus inimigos de seus aliados. A\u00a0Ca\u00e7ada\u00a0Sombria \u00e9 um m\u00f3dulo de campanha para Dungeon World onde os personagens ca\u00e7am um espi\u00e3o fugitivo, antes que ele escape do reino com informa\u00e7\u00f5es que levariam a uma grande guerra.<\/p>\n<p>Neste livro voc\u00ea vai encontrar:<\/p>\n<ul>\n<li>3 Frentes de Aventura para iniciar uma campanha<\/li>\n<li>Quest\u00f5es para inserir os personagens na hist\u00f3ria<\/li>\n<li>Mapa do Porto<\/li>\n<li>Descri\u00e7\u00e3o de pessoas e locais do Porto.<\/li>\n<li>5 novas \u201cAlcunhas\u201d para personagens: Nobre, Andarilho, Procurado, Iluminado e Sombrio.<\/li>\n<li>Mapa de Encadeamento de Press\u00e1gios<\/li>\n<\/ul>\n<p>Bem vindos a Ca\u00e7ada Sombria!<\/p>\n<p>23 Mb<br \/>\n48 p\u00e1ginas coloridas, mais 13 p\u00e1ginas de material p&amp;b para impress\u00e3o.<br \/>\nJulio Matos<br \/>\n48<\/p>\n","protected":false},"excerpt":{"rendered":"<p>Comece a jogar Dungeon World ca\u00e7ando a mais perigosa das presas! Leve seu grupo de jogo a uma intrigante persegui\u00e7\u00e3o pelas ruas de um Porto long\u00ednquo., onde seu grande desafio ser\u00e1 discernir seus inimigos de seus aliados. A\u00a0Ca\u00e7ada\u00a0Sombria \u00e9 um m\u00f3dulo de campanha para Dungeon World onde os personagens ca\u00e7am um espi\u00e3o fugitivo, antes que [&hellip;]<\/p>\n","protected":false},"featured_media":703309,"comment_status":"open","ping_status":"closed","template":"","meta":[],"product_brand":[],"product_cat":[42,47],"product_tag":[],"class_list":{"0":"post-602","1":"product","2":"type-product","3":"status-publish","4":"has-post-thumbnail","6":"product_cat-dungeon-world","7":"product_cat-pdf","9":"first","10":"instock","11":"downloadable","12":"virtual","13":"purchasable","14":"product-type-simple"},"_links":{"self":[{"href":"https:\/\/seculargames.com.br\/loja\/index.php\/wp-json\/wp\/v2\/product\/602","targetHints":{"allow":["GET"]}}],"collection":[{"href":"https:\/\/seculargames.com.br\/loja\/index.php\/wp-json\/wp\/v2\/product"}],"about":[{"href":"https:\/\/seculargames.com.br\/loja\/index.php\/wp-json\/wp\/v2\/types\/product"}],"replies":[{"embeddable":true,"href":"https:\/\/seculargames.com.br\/loja\/index.php\/wp-json\/wp\/v2\/comments?post=602"}],"wp:featuredmedia":[{"embeddable":true,"href":"https:\/\/seculargames.com.br\/loja\/index.php\/wp-json\/wp\/v2\/media\/703309"}],"wp:attachment":[{"href":"https:\/\/seculargames.com.br\/loja\/index.php\/wp-json\/wp\/v2\/media?parent=602"}],"wp:term":[{"taxonomy":"product_brand","embeddable":true,"href":"https:\/\/seculargames.com.br\/loja\/index.php\/wp-json\/wp\/v2\/product_brand?post=602"},{"taxonomy":"product_cat","embeddable":true,"href":"https:\/\/seculargames.com.br\/loja\/index.php\/wp-json\/wp\/v2\/product_cat?post=602"},{"taxonomy":"product_tag","embeddable":true,"href":"https:\/\/seculargames.com.br\/loja\/index.php\/wp-json\/wp\/v2\/product_tag?post=602"}],"curies":[{"name":"wp","href":"https:\/\/api.w.org\/{rel}","templated":true}]}}