{"id":597,"date":"2019-06-19T23:33:18","date_gmt":"2019-06-20T02:33:18","guid":{"rendered":"https:\/\/www.secular-games.com\/?post_type=product&#038;p=597"},"modified":"2026-03-06T02:29:12","modified_gmt":"2026-03-06T05:29:12","slug":"exosfera-pdf","status":"publish","type":"product","link":"https:\/\/seculargames.com.br\/loja\/index.php\/produto\/exosfera-pdf\/","title":{"rendered":"Exosfera PDF"},"content":{"rendered":"<p><a href=\"http:\/\/seculargames.com.br\/loja\/wp-content\/uploads\/2019\/06\/BannerBaixoUED.jpg\"><img loading=\"lazy\" decoding=\"async\" class=\"alignnone size-full wp-image-703313\" src=\"http:\/\/seculargames.com.br\/loja\/wp-content\/uploads\/2019\/06\/BannerBaixoUED.jpg\" alt=\"\" width=\"720\" height=\"350\" srcset=\"https:\/\/seculargames.com.br\/loja\/wp-content\/uploads\/2019\/06\/BannerBaixoUED.jpg 720w, https:\/\/seculargames.com.br\/loja\/wp-content\/uploads\/2019\/06\/BannerBaixoUED-300x146.jpg 300w, https:\/\/seculargames.com.br\/loja\/wp-content\/uploads\/2019\/06\/BannerBaixoUED-416x202.jpg 416w\" sizes=\"auto, (max-width: 720px) 100vw, 720px\" \/><\/a><\/p>\n<p><em>Exosfera \u00e9 uma aventura para UED \u2013 Voc\u00ea \u00e9 a Resist\u00eancia que vai levar os Runners para um novo campo de batalha, enfrentando novos perigos e mist\u00e9rios no na Terra de 300 anos no Futuro.<\/em><\/p>\n<p><em>Exosfera \u00e9 uma aventura para UED \u2013 Voc\u00ea \u00e9 a Resist\u00eancia que vai levar os Runners para um novo campo de batalha, enfrentando novos perigos e mist\u00e9rios no na Terra de 300 anos no Futuro.<\/em><\/p>\n<p>Essa aventura completa para personagens de Rank intermedi\u00e1rio, com novos inimigos, novos equipamentos e muitas possibilidades para enriquecer o jogo. 48 p\u00e1ginas de muita aventura desenvolvida por um dos autores do livro b\u00e1sico, J\u00falio Matos.<\/p>\n<p><em>United Earth Defense \u00e9 um jogo sobre uma nova gera\u00e7\u00e3o de habitantes da Terra, descendentes de sobreviventes de uma grande invas\u00e3o Alien\u00edgena, tentando reconstruir sua civiliza\u00e7\u00e3o durante uma Era Glacial que se abate sobre o planeta. A escassa e pouco confi\u00e1vel tecnologia remanescente \u00e9 sua \u00fanica ferramenta para essa empreitada e seu elo com a humanidade. Lan\u00e7ado em 2013 pela UNZA RPG, hoje ele j\u00e1 possui uma vers\u00e3o em ingl\u00eas dispon\u00edvel no Drivethru e Lulu.<\/em><\/p>\n<p>Julio Matos<br \/>\n48<br \/>\n45<\/p>\n","protected":false},"excerpt":{"rendered":"<p>Exosfera \u00e9 uma aventura para uso em conjunto com UED &#8211; Voc\u00ea \u00e9 a Resist\u00eancia que apresenta novos desafios, equipamentos e inimigos para desafiar seus Runners. Parte da hist\u00f3ria dos Invasores e suas motiva\u00e7\u00f5es estar\u00e1 em jogo nesta aventura!<\/p>\n","protected":false},"featured_media":703314,"comment_status":"open","ping_status":"closed","template":"","meta":[],"product_brand":[],"product_cat":[47,48],"product_tag":[],"class_list":{"0":"post-597","1":"product","2":"type-product","3":"status-publish","4":"has-post-thumbnail","6":"product_cat-pdf","7":"product_cat-ued","9":"first","10":"instock","11":"downloadable","12":"virtual","13":"purchasable","14":"product-type-simple"},"_links":{"self":[{"href":"https:\/\/seculargames.com.br\/loja\/index.php\/wp-json\/wp\/v2\/product\/597","targetHints":{"allow":["GET"]}}],"collection":[{"href":"https:\/\/seculargames.com.br\/loja\/index.php\/wp-json\/wp\/v2\/product"}],"about":[{"href":"https:\/\/seculargames.com.br\/loja\/index.php\/wp-json\/wp\/v2\/types\/product"}],"replies":[{"embeddable":true,"href":"https:\/\/seculargames.com.br\/loja\/index.php\/wp-json\/wp\/v2\/comments?post=597"}],"wp:featuredmedia":[{"embeddable":true,"href":"https:\/\/seculargames.com.br\/loja\/index.php\/wp-json\/wp\/v2\/media\/703314"}],"wp:attachment":[{"href":"https:\/\/seculargames.com.br\/loja\/index.php\/wp-json\/wp\/v2\/media?parent=597"}],"wp:term":[{"taxonomy":"product_brand","embeddable":true,"href":"https:\/\/seculargames.com.br\/loja\/index.php\/wp-json\/wp\/v2\/product_brand?post=597"},{"taxonomy":"product_cat","embeddable":true,"href":"https:\/\/seculargames.com.br\/loja\/index.php\/wp-json\/wp\/v2\/product_cat?post=597"},{"taxonomy":"product_tag","embeddable":true,"href":"https:\/\/seculargames.com.br\/loja\/index.php\/wp-json\/wp\/v2\/product_tag?post=597"}],"curies":[{"name":"wp","href":"https:\/\/api.w.org\/{rel}","templated":true}]}}