{"id":44,"date":"2016-03-01T08:39:18","date_gmt":"2016-03-01T11:39:18","guid":{"rendered":"http:\/\/test.kriesi.at\/travel\/?post_type=product&#038;p=44"},"modified":"2025-10-11T20:43:50","modified_gmt":"2025-10-11T23:43:50","slug":"a-ordem-dos-ultimos","status":"publish","type":"product","link":"https:\/\/seculargames.com.br\/loja\/index.php\/produto\/a-ordem-dos-ultimos\/","title":{"rendered":"A Ordem dos \u00daltimos"},"content":{"rendered":"<p><a href=\"http:\/\/seculargames.com.br\/loja\/wp-content\/uploads\/2016\/03\/BannerBaixoOrdemdosUltimos2.jpg\"><img loading=\"lazy\" decoding=\"async\" class=\"alignnone size-full wp-image-703294\" src=\"http:\/\/seculargames.com.br\/loja\/wp-content\/uploads\/2016\/03\/BannerBaixoOrdemdosUltimos2.jpg\" alt=\"\" width=\"720\" height=\"350\" srcset=\"https:\/\/seculargames.com.br\/loja\/wp-content\/uploads\/2016\/03\/BannerBaixoOrdemdosUltimos2.jpg 720w, https:\/\/seculargames.com.br\/loja\/wp-content\/uploads\/2016\/03\/BannerBaixoOrdemdosUltimos2-300x146.jpg 300w, https:\/\/seculargames.com.br\/loja\/wp-content\/uploads\/2016\/03\/BannerBaixoOrdemdosUltimos2-416x202.jpg 416w\" sizes=\"auto, (max-width: 720px) 100vw, 720px\" \/><\/a><\/p>\n<p><em>A Ordem dos \u00daltimos \u00e9 um M\u00f3dulo para Dungeon World que leva os jogadores a uma jornada desesperada, guiada apenas por sua F\u00e9 e Valores. Inspirado fortemente em Jogos como The Banner Saga e Busca Final, este m\u00f3dulo com 50 p\u00e1ginas em widescreen (equivalente a aproximadamente\u00a0100 p\u00e1ginas de conte\u00fado) cria novas op\u00e7\u00f5es de Classe que substituem as do livro b\u00e1sico e uma s\u00e9rie de mec\u00e2nicas de gerenciamento da Caravana para que a hist\u00f3ria seja fruto dos relacionamentos entre a Ordem de Cavalaria e seus protegidos.<\/em><\/p>\n<p><em><span class=\"_5yl5\">A Ordem dos \u00daltimos \u00e9 um M\u00f3dulo para Dungeon World que leva os jogadores a uma jornada desesperada, guiada apenas por sua F\u00e9 e Valores. Inspirado fortemente em Jogos como The Banner Saga e Busca Final, este m\u00f3dulo com 50 p\u00e1ginas em widescreen (equivalente a aproximadamente 100 p\u00e1ginas de conte\u00fado) cria novas op\u00e7\u00f5es de Classe que substituem as do livro b\u00e1sico e uma s\u00e9rie de mec\u00e2nicas de gerenciamento da Caravana para que a hist\u00f3ria seja fruto dos relacionamentos entre a Ordem de Cavalaria e seus protegidos.\u00a0<\/span><\/em><\/p>\n<ul>\n<li>6 novas classes<\/li>\n<li>8 Talentos de Ordem<\/li>\n<li>6 novos monstros<\/li>\n<li>Fichas customizadas para imprimir<\/li>\n<li>Todo um sistema de gerenciamento de grupos para criar uma campanha \u00e9pica!<\/li>\n<\/ul>\n<p>Este m\u00f3dulo necessita do Livro B\u00e1sico de Dungeon World para ser jogado e sua distribui\u00e7\u00e3o ser\u00e1 exclusivamente digital Inclui fichas personalizadas em formato \u201cprinter friendly\u201d para uso em sua mesa de jogo.<\/p>\n<p>J\u00falio Matos<br \/>\n50<br \/>\n11 Megas<br \/>\nPDF<\/p>\n","protected":false},"excerpt":{"rendered":"<p>A Ordem dos \u00daltimos \u00e9 um M\u00f3dulo para Dungeon World que leva os jogadores a uma jornada desesperada, guiada apenas por sua F\u00e9 e Valores. Inspirado fortemente em Jogos como The Banner Saga e Busca Final, este m\u00f3dulo com 50 p\u00e1ginas em widescreen (equivalente a aproximadamente\u00a0100 p\u00e1ginas de conte\u00fado) cria novas op\u00e7\u00f5es de Classe que [&hellip;]<\/p>\n","protected":false},"featured_media":703296,"comment_status":"open","ping_status":"closed","template":"","meta":[],"product_brand":[],"product_cat":[42,47],"product_tag":[],"class_list":{"0":"post-44","1":"product","2":"type-product","3":"status-publish","4":"has-post-thumbnail","6":"product_cat-dungeon-world","7":"product_cat-pdf","8":"product_shipping_class-impresso","10":"first","11":"instock","12":"featured","13":"downloadable","14":"virtual","15":"purchasable","16":"product-type-simple"},"_links":{"self":[{"href":"https:\/\/seculargames.com.br\/loja\/index.php\/wp-json\/wp\/v2\/product\/44","targetHints":{"allow":["GET"]}}],"collection":[{"href":"https:\/\/seculargames.com.br\/loja\/index.php\/wp-json\/wp\/v2\/product"}],"about":[{"href":"https:\/\/seculargames.com.br\/loja\/index.php\/wp-json\/wp\/v2\/types\/product"}],"replies":[{"embeddable":true,"href":"https:\/\/seculargames.com.br\/loja\/index.php\/wp-json\/wp\/v2\/comments?post=44"}],"wp:featuredmedia":[{"embeddable":true,"href":"https:\/\/seculargames.com.br\/loja\/index.php\/wp-json\/wp\/v2\/media\/703296"}],"wp:attachment":[{"href":"https:\/\/seculargames.com.br\/loja\/index.php\/wp-json\/wp\/v2\/media?parent=44"}],"wp:term":[{"taxonomy":"product_brand","embeddable":true,"href":"https:\/\/seculargames.com.br\/loja\/index.php\/wp-json\/wp\/v2\/product_brand?post=44"},{"taxonomy":"product_cat","embeddable":true,"href":"https:\/\/seculargames.com.br\/loja\/index.php\/wp-json\/wp\/v2\/product_cat?post=44"},{"taxonomy":"product_tag","embeddable":true,"href":"https:\/\/seculargames.com.br\/loja\/index.php\/wp-json\/wp\/v2\/product_tag?post=44"}],"curies":[{"name":"wp","href":"https:\/\/api.w.org\/{rel}","templated":true}]}}