{"id":324814,"date":"2020-02-19T14:43:04","date_gmt":"2020-02-19T17:43:04","guid":{"rendered":"https:\/\/www.secular-games.com\/?post_type=product&#038;p=324814"},"modified":"2023-01-21T15:04:14","modified_gmt":"2023-01-21T18:04:14","slug":"rendentora-pbta-pdf","status":"publish","type":"product","link":"https:\/\/seculargames.com.br\/loja\/index.php\/produto\/rendentora-pbta-pdf\/","title":{"rendered":"Rendentora PbtA PDF"},"content":{"rendered":"<p><b>Redentora<\/b> \u00e9 um cen\u00e1rio exclusivo para Apocalypse World, desenvolvido como meta extra da pr\u00e9 venda do jogo e agora dispon\u00edvel em PDF para todos que acompanham a Secular Games.<\/p>\n<p>Em Redentora, o Rio de Janeiro \u00e9 o cen\u00e1rio para a sobreviv\u00eancia das personagens, com todas as brasilidades que voc\u00ea pode imaginar nesta incr\u00edvel vers\u00e3o de <strong>Eduardo Caetano<\/strong>, o mago por tr\u00e1s de Violentina.<\/p>\n<p>Aproveite o PDF de Redentora e comece agora sua campanha em Apocalypse World.<\/p>\n<p><strong>Esse produto necessita de Apocalypse World para ser jogado, um jogo recomendado para maiores de 18 anos.<\/strong><\/p>\n<p>Eduardo Caetano<br \/>\n12<br \/>\nPDF, P&amp;B<br \/>\nCen\u00e1rio<\/p>\n","protected":false},"excerpt":{"rendered":"<p>Redentora \u00e9 um cen\u00e1rio exclusivo para Apocalypse World, desenvolvido como meta extra da pr\u00e9 venda do jogo e agora dispon\u00edvel em PDF para todos que acompanham a Secular Games. Em Redentora, o Rio de Janeiro \u00e9 o cen\u00e1rio para a sobreviv\u00eancia das personagens, com todas as brasilidades que voc\u00ea pode imaginar nesta incr\u00edvel vers\u00e3o de [&hellip;]<\/p>\n","protected":false},"featured_media":703350,"comment_status":"open","ping_status":"closed","template":"","meta":[],"product_brand":[],"product_cat":[212,47],"product_tag":[236,234,287],"class_list":{"0":"post-324814","1":"product","2":"type-product","3":"status-publish","4":"has-post-thumbnail","6":"product_cat-apocalypse-world","7":"product_cat-pdf","8":"product_tag-apocalypse-world","9":"product_tag-aw","10":"product_tag-pbt","12":"first","13":"instock","14":"downloadable","15":"virtual","16":"purchasable","17":"product-type-simple"},"_links":{"self":[{"href":"https:\/\/seculargames.com.br\/loja\/index.php\/wp-json\/wp\/v2\/product\/324814","targetHints":{"allow":["GET"]}}],"collection":[{"href":"https:\/\/seculargames.com.br\/loja\/index.php\/wp-json\/wp\/v2\/product"}],"about":[{"href":"https:\/\/seculargames.com.br\/loja\/index.php\/wp-json\/wp\/v2\/types\/product"}],"replies":[{"embeddable":true,"href":"https:\/\/seculargames.com.br\/loja\/index.php\/wp-json\/wp\/v2\/comments?post=324814"}],"wp:featuredmedia":[{"embeddable":true,"href":"https:\/\/seculargames.com.br\/loja\/index.php\/wp-json\/wp\/v2\/media\/703350"}],"wp:attachment":[{"href":"https:\/\/seculargames.com.br\/loja\/index.php\/wp-json\/wp\/v2\/media?parent=324814"}],"wp:term":[{"taxonomy":"product_brand","embeddable":true,"href":"https:\/\/seculargames.com.br\/loja\/index.php\/wp-json\/wp\/v2\/product_brand?post=324814"},{"taxonomy":"product_cat","embeddable":true,"href":"https:\/\/seculargames.com.br\/loja\/index.php\/wp-json\/wp\/v2\/product_cat?post=324814"},{"taxonomy":"product_tag","embeddable":true,"href":"https:\/\/seculargames.com.br\/loja\/index.php\/wp-json\/wp\/v2\/product_tag?post=324814"}],"curies":[{"name":"wp","href":"https:\/\/api.w.org\/{rel}","templated":true}]}}