{"id":1706984,"date":"2025-07-31T16:47:44","date_gmt":"2025-07-31T19:47:44","guid":{"rendered":"https:\/\/seculargames.com.br\/loja\/?post_type=product&#038;p=1706984"},"modified":"2026-03-31T17:26:44","modified_gmt":"2026-03-31T20:26:44","slug":"zip-drive","status":"publish","type":"product","link":"https:\/\/seculargames.com.br\/loja\/index.php\/produto\/zip-drive\/","title":{"rendered":"CBR+PNK &#8211; Zip Drive"},"content":{"rendered":"<p><a href=\"http:\/\/seculargames.com.br\/loja\/wp-content\/uploads\/2025\/07\/TopProdutoZip.png\"><img loading=\"lazy\" decoding=\"async\" class=\"alignnone wp-image-1706985 size-full\" src=\"http:\/\/seculargames.com.br\/loja\/wp-content\/uploads\/2025\/07\/TopProdutoZip.png\" alt=\"\" width=\"1500\" height=\"430\" srcset=\"https:\/\/seculargames.com.br\/loja\/wp-content\/uploads\/2025\/07\/TopProdutoZip.png 1500w, https:\/\/seculargames.com.br\/loja\/wp-content\/uploads\/2025\/07\/TopProdutoZip-300x86.png 300w, https:\/\/seculargames.com.br\/loja\/wp-content\/uploads\/2025\/07\/TopProdutoZip-1024x294.png 1024w, https:\/\/seculargames.com.br\/loja\/wp-content\/uploads\/2025\/07\/TopProdutoZip-768x220.png 768w, https:\/\/seculargames.com.br\/loja\/wp-content\/uploads\/2025\/07\/TopProdutoZip-416x119.png 416w\" sizes=\"auto, (max-width: 1500px) 100vw, 1500px\" \/><\/a><\/p>\n<p><em>ZIP Drive \u00e9 um suplemento para <strong>\u00a0CBR+PNK criado por Emanoel Melo<\/strong>, sucesso de p\u00fablico e cr\u00edtica internacional, ganhador do Silver Ennies 2024 de Melhor Layout e finalista do pr\u00eamio Ludop\u00e9dia de Melhor jogo.<\/em><\/p>\n<p>Este suplemento tr\u00e1s 3 livretos impressos para adicionar novos sabores ao seu jogo de CBR+PNK<\/p>\n<p><span style=\"color: #ff6600;\"><strong>A FUGA DE SHARKAEDAS<\/strong><\/span>, um Cen\u00e1rio (plugin) espacial com um Corre sobre a fuga de uma nave pris\u00e3o e um conjunto de regras para pilotar naves espaciais em CBR+PNK. Um livreto exclusivo da Vers\u00e3o Brasileira criado por Julio Matos (Autor de Goddess Save the Queen e RebelR)<\/p>\n<p><span style=\"color: #ff00ff;\"><strong>MONARISE<\/strong><\/span>, uma megal\u00f3pole para usar como cen\u00e1rio no jogo | Este livreto foi parte da vers\u00e3o Augmented lan\u00e7ada internacionalmente e agora dispon\u00edvel aqui na vers\u00e3o impressa. Conhe\u00e7a baixando o PDF gratuito \u2013<a href=\"http:\/\/seculargames.com.br\/loja\/wp-content\/uploads\/2024\/05\/Monarise.pdf\"><strong>\u00a0Baixe Aqui<\/strong><\/a><\/p>\n<p><span style=\"color: #ff0000;\"><strong>HUNTERS<\/strong><\/span>, um conjunto de regras para Amea\u00e7as Especiais e Perigosas | Este livreto foi parte da vers\u00e3o Augmented lan\u00e7ada internacionalmente e agora dispon\u00edvel aqui na vers\u00e3o impressa. Conhe\u00e7a baixando o PDF gratuito \u2013<a href=\"http:\/\/seculargames.com.br\/loja\/wp-content\/uploads\/2024\/05\/Hunters.pdf\"><strong>\u00a0Baixe Aqui<\/strong><\/a><\/p>\n<p><em><span class=\"_5yl5\">Tudo isso embalado em um envelope especial desenhado pelo Pr\u00f3prio <strong>Emanoel Melo<\/strong>.<\/span><\/em><\/p>\n<p><i>Garanta agora o seu ZIP DRIVE<\/i><\/p>\n<p>Este m\u00f3dulo necessita do CBR+PNK para ser jogado e sua distribui\u00e7\u00e3o ser\u00e1 exclusivamente impressa.<\/p>\n","protected":false},"excerpt":{"rendered":"<p><em>ZIP Drive \u00e9 um suplemento para <strong>\u00a0CBR+PNK criado por Emanoel Melo<\/strong><\/em><\/p>\n<p>Este suplemento tr\u00e1s 3 livretos impressos para adicionar novos sabores ao seu jogo de CBR+PNK: <span style=\"color: #ff6600;\"><strong>A FUGA DE SHARKAEDAS<\/strong><\/span>,\u00a0<span style=\"color: #ff00ff;\"><strong>MONARISE<\/strong><\/span>,\u00a0 <span style=\"color: #ff0000;\"><strong>HUNTERS<\/strong><\/span>, t<em><span class=\"_5yl5\">udo isso embalado em um envelope especial desenhado pelo Pr\u00f3prio <strong>Emanoel Melo<\/strong>.<\/span><\/em><\/p>\n<p>Este m\u00f3dulo necessita do CBR+PNK para ser jogado e sua distribui\u00e7\u00e3o ser\u00e1 exclusivamente impressa.<\/p>\n","protected":false},"featured_media":1706986,"comment_status":"open","ping_status":"closed","template":"","meta":[],"product_brand":[],"product_cat":[453,474,463,35],"product_tag":[454,487,488,485,41,486],"class_list":{"0":"post-1706984","1":"product","2":"type-product","3":"status-publish","4":"has-post-thumbnail","6":"product_cat-cbrpnk","7":"product_cat-lancamentos","8":"product_cat-livreto","9":"product_cat-livro","10":"product_tag-cbrpnk","11":"product_tag-ennies","12":"product_tag-livreto","13":"product_tag-panfleto","14":"product_tag-rpg","15":"product_tag-suplemento","16":"product_shipping_class-impresso","18":"first","19":"instock","20":"downloadable","21":"shipping-taxable","22":"purchasable","23":"product-type-simple"},"_links":{"self":[{"href":"https:\/\/seculargames.com.br\/loja\/index.php\/wp-json\/wp\/v2\/product\/1706984","targetHints":{"allow":["GET"]}}],"collection":[{"href":"https:\/\/seculargames.com.br\/loja\/index.php\/wp-json\/wp\/v2\/product"}],"about":[{"href":"https:\/\/seculargames.com.br\/loja\/index.php\/wp-json\/wp\/v2\/types\/product"}],"replies":[{"embeddable":true,"href":"https:\/\/seculargames.com.br\/loja\/index.php\/wp-json\/wp\/v2\/comments?post=1706984"}],"wp:featuredmedia":[{"embeddable":true,"href":"https:\/\/seculargames.com.br\/loja\/index.php\/wp-json\/wp\/v2\/media\/1706986"}],"wp:attachment":[{"href":"https:\/\/seculargames.com.br\/loja\/index.php\/wp-json\/wp\/v2\/media?parent=1706984"}],"wp:term":[{"taxonomy":"product_brand","embeddable":true,"href":"https:\/\/seculargames.com.br\/loja\/index.php\/wp-json\/wp\/v2\/product_brand?post=1706984"},{"taxonomy":"product_cat","embeddable":true,"href":"https:\/\/seculargames.com.br\/loja\/index.php\/wp-json\/wp\/v2\/product_cat?post=1706984"},{"taxonomy":"product_tag","embeddable":true,"href":"https:\/\/seculargames.com.br\/loja\/index.php\/wp-json\/wp\/v2\/product_tag?post=1706984"}],"curies":[{"name":"wp","href":"https:\/\/api.w.org\/{rel}","templated":true}]}}