{"id":1705667,"date":"2024-07-02T19:10:39","date_gmt":"2024-07-02T22:10:39","guid":{"rendered":"https:\/\/seculargames.com.br\/loja\/?post_type=product&#038;p=1705667"},"modified":"2024-07-02T19:10:39","modified_gmt":"2024-07-02T22:10:39","slug":"diarios-da-repressao-rpg","status":"publish","type":"product","link":"https:\/\/seculargames.com.br\/loja\/index.php\/produto\/diarios-da-repressao-rpg\/","title":{"rendered":"Di\u00e1rios da Repress\u00e3o RPG"},"content":{"rendered":"<p>Di\u00e1rios da Repress\u00e3o \u00e9 um RPG sobre as disputas de narrativas envolvendo as ditaduras da Am\u00e9rica Latina.<\/p>\n","protected":false},"excerpt":{"rendered":"<p>Criado por Fabiano Neme, autor da primeira edi\u00e7\u00e3o de Old Dragon, este PDF gratuito \u00e9 um RPG sobre as disputas de narrativas envolvendo as ditaduras da Am\u00e9rica Latina.<\/p>\n<p>Contem materiais extras para impress\u00e3o e \u00e1udio para medir o tempo de jogo<\/p>\n","protected":false},"featured_media":1705669,"comment_status":"open","ping_status":"closed","template":"","meta":[],"product_brand":[],"product_cat":[210,47,475],"product_tag":[484,480,483,477,482,476,481],"class_list":{"0":"post-1705667","1":"product","2":"type-product","3":"status-publish","4":"has-post-thumbnail","6":"product_cat-gratuito","7":"product_cat-pdf","8":"product_cat-vorpal","9":"product_tag-484","10":"product_tag-diarios","11":"product_tag-ditadura","12":"product_tag-fabiano","13":"product_tag-golpe","14":"product_tag-neme","15":"product_tag-repressao","17":"first","18":"instock","19":"downloadable","20":"virtual","21":"purchasable","22":"product-type-simple"},"_links":{"self":[{"href":"https:\/\/seculargames.com.br\/loja\/index.php\/wp-json\/wp\/v2\/product\/1705667","targetHints":{"allow":["GET"]}}],"collection":[{"href":"https:\/\/seculargames.com.br\/loja\/index.php\/wp-json\/wp\/v2\/product"}],"about":[{"href":"https:\/\/seculargames.com.br\/loja\/index.php\/wp-json\/wp\/v2\/types\/product"}],"replies":[{"embeddable":true,"href":"https:\/\/seculargames.com.br\/loja\/index.php\/wp-json\/wp\/v2\/comments?post=1705667"}],"wp:featuredmedia":[{"embeddable":true,"href":"https:\/\/seculargames.com.br\/loja\/index.php\/wp-json\/wp\/v2\/media\/1705669"}],"wp:attachment":[{"href":"https:\/\/seculargames.com.br\/loja\/index.php\/wp-json\/wp\/v2\/media?parent=1705667"}],"wp:term":[{"taxonomy":"product_brand","embeddable":true,"href":"https:\/\/seculargames.com.br\/loja\/index.php\/wp-json\/wp\/v2\/product_brand?post=1705667"},{"taxonomy":"product_cat","embeddable":true,"href":"https:\/\/seculargames.com.br\/loja\/index.php\/wp-json\/wp\/v2\/product_cat?post=1705667"},{"taxonomy":"product_tag","embeddable":true,"href":"https:\/\/seculargames.com.br\/loja\/index.php\/wp-json\/wp\/v2\/product_tag?post=1705667"}],"curies":[{"name":"wp","href":"https:\/\/api.w.org\/{rel}","templated":true}]}}