{"id":1705664,"date":"2024-07-02T18:55:18","date_gmt":"2024-07-02T21:55:18","guid":{"rendered":"https:\/\/seculargames.com.br\/loja\/?post_type=product&#038;p=1705664"},"modified":"2024-07-02T18:55:18","modified_gmt":"2024-07-02T21:55:18","slug":"cyberfunk-rpg","status":"publish","type":"product","link":"https:\/\/seculargames.com.br\/loja\/index.php\/produto\/cyberfunk-rpg\/","title":{"rendered":"Cyberfunk RPG"},"content":{"rendered":"<p>Hack do RPG Lasers &amp; Feelings sobre celulares de tela quebrada e ostenta\u00e7\u00e3o em um Rio de Janeiro privatizado.<\/p>\n","protected":false},"excerpt":{"rendered":"<p>Criado por Fabiano Neme, autor da primeira edi\u00e7\u00e3o de Old Dragon, este PDF gratuito \u00e9 um hack do RPG <strong>Lasers &amp; Feelings<\/strong> sobre celulares de tela quebrada e ostenta\u00e7\u00e3o em um Rio de Janeiro privatizado.<\/p>\n<p>Formato PDF<\/p>\n<p>&nbsp;<\/p>\n","protected":false},"featured_media":1705665,"comment_status":"open","ping_status":"closed","template":"","meta":[],"product_brand":[],"product_cat":[210,47,475],"product_tag":[455,477,479,478,476],"class_list":{"0":"post-1705664","1":"product","2":"type-product","3":"status-publish","4":"has-post-thumbnail","6":"product_cat-gratuito","7":"product_cat-pdf","8":"product_cat-vorpal","9":"product_tag-cyberpunk","10":"product_tag-fabiano","11":"product_tag-lasers-feelings","12":"product_tag-lasers-e-sentimentos","13":"product_tag-neme","15":"first","16":"instock","17":"downloadable","18":"virtual","19":"purchasable","20":"product-type-simple"},"_links":{"self":[{"href":"https:\/\/seculargames.com.br\/loja\/index.php\/wp-json\/wp\/v2\/product\/1705664","targetHints":{"allow":["GET"]}}],"collection":[{"href":"https:\/\/seculargames.com.br\/loja\/index.php\/wp-json\/wp\/v2\/product"}],"about":[{"href":"https:\/\/seculargames.com.br\/loja\/index.php\/wp-json\/wp\/v2\/types\/product"}],"replies":[{"embeddable":true,"href":"https:\/\/seculargames.com.br\/loja\/index.php\/wp-json\/wp\/v2\/comments?post=1705664"}],"wp:featuredmedia":[{"embeddable":true,"href":"https:\/\/seculargames.com.br\/loja\/index.php\/wp-json\/wp\/v2\/media\/1705665"}],"wp:attachment":[{"href":"https:\/\/seculargames.com.br\/loja\/index.php\/wp-json\/wp\/v2\/media?parent=1705664"}],"wp:term":[{"taxonomy":"product_brand","embeddable":true,"href":"https:\/\/seculargames.com.br\/loja\/index.php\/wp-json\/wp\/v2\/product_brand?post=1705664"},{"taxonomy":"product_cat","embeddable":true,"href":"https:\/\/seculargames.com.br\/loja\/index.php\/wp-json\/wp\/v2\/product_cat?post=1705664"},{"taxonomy":"product_tag","embeddable":true,"href":"https:\/\/seculargames.com.br\/loja\/index.php\/wp-json\/wp\/v2\/product_tag?post=1705664"}],"curies":[{"name":"wp","href":"https:\/\/api.w.org\/{rel}","templated":true}]}}