{"id":1705038,"date":"2024-05-08T14:57:36","date_gmt":"2024-05-08T17:57:36","guid":{"rendered":"https:\/\/seculargames.com.br\/loja\/?post_type=product&#038;p=1705038"},"modified":"2026-04-05T18:38:17","modified_gmt":"2026-04-05T21:38:17","slug":"motim","status":"publish","type":"product","link":"https:\/\/seculargames.com.br\/loja\/index.php\/produto\/motim\/","title":{"rendered":"Motim"},"content":{"rendered":"<p>&nbsp;<\/p>\n<p>Um jogo de a\u00e7\u00e3o, travessuras e caos por Anna Schermak e Marina Sampaio<\/p>\n<p><a href=\"http:\/\/seculargames.com.br\/loja\/wp-content\/uploads\/2024\/05\/MockupFourFold-scaled.jpg\"><img loading=\"lazy\" decoding=\"async\" class=\"alignnone size-full wp-image-1705039\" src=\"http:\/\/seculargames.com.br\/loja\/wp-content\/uploads\/2024\/05\/MockupFourFold-scaled.jpg\" alt=\"\" width=\"2560\" height=\"1600\" srcset=\"https:\/\/seculargames.com.br\/loja\/wp-content\/uploads\/2024\/05\/MockupFourFold-scaled.jpg 2560w, https:\/\/seculargames.com.br\/loja\/wp-content\/uploads\/2024\/05\/MockupFourFold-300x188.jpg 300w, https:\/\/seculargames.com.br\/loja\/wp-content\/uploads\/2024\/05\/MockupFourFold-1024x640.jpg 1024w, https:\/\/seculargames.com.br\/loja\/wp-content\/uploads\/2024\/05\/MockupFourFold-768x480.jpg 768w, https:\/\/seculargames.com.br\/loja\/wp-content\/uploads\/2024\/05\/MockupFourFold-1536x960.jpg 1536w, https:\/\/seculargames.com.br\/loja\/wp-content\/uploads\/2024\/05\/MockupFourFold-2048x1280.jpg 2048w, https:\/\/seculargames.com.br\/loja\/wp-content\/uploads\/2024\/05\/MockupFourFold-416x260.jpg 416w\" sizes=\"auto, (max-width: 2560px) 100vw, 2560px\" \/><\/a><\/p>\n<p>Dados projeto impresso:<\/p>\n<p><strong>Envelope<\/strong><\/p>\n<p><strong>Envelope \/Luva<\/strong><\/p>\n<p>Envelope de papel Sulfite 90 gramas.<br \/>\nDimens\u00f5es do envelope desdobrado: 230 mm de altura x 113 mm de largura.<br \/>\nImpresso em 4&#215;4 cores,<\/p>\n<p><strong> Livretos (2 Livretos)\u00a0<\/strong><\/p>\n<p>\u25cf Dimens\u00f5es de 39,6 cm x 21,6 cm 3 dobras, dobradas ao meio para 9,9 cm x 21,6 cm 8 pain\u00e9is por livreto.<br \/>\n\u25cf Papel couch\u00e9 de 300 g<br \/>\n\u25cf Revestimento em UV Brilho<\/p>\n","protected":false},"excerpt":{"rendered":"<p><span style=\"font-weight: 400;\">MOTIM \u00e9 um jogo sobre\u00a0 coelhos piratas corajosos dispostos a explorar os mares com seu navio e enfrentar diversos desafios em busca de recursos, prest\u00edgio, e o mais importante, tesouros! Mas seu \u00edmpeto para aventura s\u00f3 \u00e9 equipar\u00e1vel ao desejo pelo caos, colocando sempre a Capit\u00e3 do navio a um passo de um MOTIM!<\/span><\/p>\n<p><a href=\"http:\/\/seculargames.com.br\/loja\/wp-content\/uploads\/2024\/05\/Produto.jpg\"><img loading=\"lazy\" decoding=\"async\" class=\"alignnone size-full wp-image-1705046\" src=\"http:\/\/seculargames.com.br\/loja\/wp-content\/uploads\/2024\/05\/Produto.jpg\" alt=\"\" width=\"2048\" height=\"1150\" srcset=\"https:\/\/seculargames.com.br\/loja\/wp-content\/uploads\/2024\/05\/Produto.jpg 2048w, https:\/\/seculargames.com.br\/loja\/wp-content\/uploads\/2024\/05\/Produto-300x168.jpg 300w, https:\/\/seculargames.com.br\/loja\/wp-content\/uploads\/2024\/05\/Produto-1024x575.jpg 1024w, https:\/\/seculargames.com.br\/loja\/wp-content\/uploads\/2024\/05\/Produto-768x431.jpg 768w, https:\/\/seculargames.com.br\/loja\/wp-content\/uploads\/2024\/05\/Produto-1536x863.jpg 1536w, https:\/\/seculargames.com.br\/loja\/wp-content\/uploads\/2024\/05\/Produto-416x234.jpg 416w\" sizes=\"auto, (max-width: 2048px) 100vw, 2048px\" \/><\/a><\/p>\n<p>Compre agora<span style=\"color: #ff00ff;\"><strong> Motim de Anna Schermak e Marina Sampaio<\/strong><\/span>, ganhar da JAM Geleia do RPG (<a href=\"https:\/\/drive.google.com\/file\/d\/1dbM2wZ63ipz9269gvvTNqUifDjYLUG3Q\/view\"><strong>conhe\u00e7a essa vers\u00e3o clicando aqui<\/strong><\/a>) que agora ganha sua<span style=\"color: #ff0000;\"><strong> Vers\u00e3o Impressa<\/strong><\/span>.<\/p>\n<p>A vers\u00e3o Impressa acompanha a vers\u00e3o em PDF (convers\u00e3o dos livretos) j\u00e1 dispon\u00edvel.<\/p>\n<p>O jogo necessita o uso de pap\u00e9is extras, um baralho comum e dois dados comuns de seis lados que n\u00e3o acompanham o produto.<\/p>\n<p>O pacote cont\u00e9m um envelope especial com dois Livretos:<\/p>\n<p style=\"padding-left: 40px;\"><em><strong>Livreto de Pirata.<\/strong> que vem com regras de personagem e de navio e \u00e9 usado como um tabuleiro sobre a mesa. Colorido.<\/em><\/p>\n<p style=\"padding-left: 40px;\"><em><strong>Livreto de Capit\u00e3.<\/strong> com as regras utilizadas para a pessoa que reveza o papel de Capit\u00e3 poder impulsionar o jogo. Colorido.<\/em><\/p>\n<p>Compre agora na pr\u00e9-venda e ajude mais esse lan\u00e7amento independente, ideal para iniciar pessoas que nunca jogaram no rpg.<\/p>\n<p>Entrega do jogo estimada para<span style=\"color: #008000;\"> <strong>Junho 2024<\/strong><\/span> (estimativa calculada a partir do desenvolvimento normal de projeto. Imprevistos ou fatos fora de nosso controle podem interferir nesse prazo)<\/p>\n","protected":false},"featured_media":1705577,"comment_status":"open","ping_status":"closed","template":"","meta":[],"product_brand":[],"product_cat":[474,463,35,462],"product_tag":[466,470,465,471,473,468,472,467,464,469],"class_list":{"0":"post-1705038","1":"product","2":"type-product","3":"status-publish","4":"has-post-thumbnail","6":"product_cat-lancamentos","7":"product_cat-livreto","8":"product_cat-livro","9":"product_cat-motim","10":"product_tag-anna-schermak","11":"product_tag-aprender","12":"product_tag-coelho","13":"product_tag-crianca","14":"product_tag-jogar","15":"product_tag-jogo","16":"product_tag-jovem","17":"product_tag-pausa-para-um-cafe","18":"product_tag-pirata","19":"product_tag-rapido","20":"product_shipping_class-impresso","22":"first","23":"instock","24":"downloadable","25":"shipping-taxable","26":"purchasable","27":"product-type-simple"},"_links":{"self":[{"href":"https:\/\/seculargames.com.br\/loja\/index.php\/wp-json\/wp\/v2\/product\/1705038","targetHints":{"allow":["GET"]}}],"collection":[{"href":"https:\/\/seculargames.com.br\/loja\/index.php\/wp-json\/wp\/v2\/product"}],"about":[{"href":"https:\/\/seculargames.com.br\/loja\/index.php\/wp-json\/wp\/v2\/types\/product"}],"replies":[{"embeddable":true,"href":"https:\/\/seculargames.com.br\/loja\/index.php\/wp-json\/wp\/v2\/comments?post=1705038"}],"wp:featuredmedia":[{"embeddable":true,"href":"https:\/\/seculargames.com.br\/loja\/index.php\/wp-json\/wp\/v2\/media\/1705577"}],"wp:attachment":[{"href":"https:\/\/seculargames.com.br\/loja\/index.php\/wp-json\/wp\/v2\/media?parent=1705038"}],"wp:term":[{"taxonomy":"product_brand","embeddable":true,"href":"https:\/\/seculargames.com.br\/loja\/index.php\/wp-json\/wp\/v2\/product_brand?post=1705038"},{"taxonomy":"product_cat","embeddable":true,"href":"https:\/\/seculargames.com.br\/loja\/index.php\/wp-json\/wp\/v2\/product_cat?post=1705038"},{"taxonomy":"product_tag","embeddable":true,"href":"https:\/\/seculargames.com.br\/loja\/index.php\/wp-json\/wp\/v2\/product_tag?post=1705038"}],"curies":[{"name":"wp","href":"https:\/\/api.w.org\/{rel}","templated":true}]}}