{"id":1704650,"date":"2024-04-22T09:08:39","date_gmt":"2024-04-22T12:08:39","guid":{"rendered":"https:\/\/seculargames.com.br\/loja\/?post_type=product&#038;p=1704650"},"modified":"2026-03-06T02:31:14","modified_gmt":"2026-03-06T05:31:14","slug":"pdf-cbrpnk-edicao-brasileira","status":"publish","type":"product","link":"https:\/\/seculargames.com.br\/loja\/index.php\/produto\/pdf-cbrpnk-edicao-brasileira\/","title":{"rendered":"PDF &#8211; CBR+PNK &#8211; Edi\u00e7\u00e3o Brasileira"},"content":{"rendered":"<p>&nbsp;<\/p>\n<p>Um dos mais aclamados internacionalmente, o RPG CBR+PNK \u00e9 focado em aventuras r\u00e1pidas e muita A\u00e7\u00e3o.<\/p>\n<p><a href=\"http:\/\/seculargames.com.br\/loja\/wp-content\/uploads\/2024\/04\/cbrpnk_pamphlet_gm_secular_Site-scaled.jpg\"><img loading=\"lazy\" decoding=\"async\" class=\"alignnone size-full wp-image-1704641\" src=\"http:\/\/seculargames.com.br\/loja\/wp-content\/uploads\/2024\/04\/cbrpnk_pamphlet_gm_secular_Site-scaled.jpg\" alt=\"\" width=\"2560\" height=\"1395\" srcset=\"https:\/\/seculargames.com.br\/loja\/wp-content\/uploads\/2024\/04\/cbrpnk_pamphlet_gm_secular_Site-scaled.jpg 2560w, https:\/\/seculargames.com.br\/loja\/wp-content\/uploads\/2024\/04\/cbrpnk_pamphlet_gm_secular_Site-300x163.jpg 300w, https:\/\/seculargames.com.br\/loja\/wp-content\/uploads\/2024\/04\/cbrpnk_pamphlet_gm_secular_Site-1024x558.jpg 1024w, https:\/\/seculargames.com.br\/loja\/wp-content\/uploads\/2024\/04\/cbrpnk_pamphlet_gm_secular_Site-768x418.jpg 768w, https:\/\/seculargames.com.br\/loja\/wp-content\/uploads\/2024\/04\/cbrpnk_pamphlet_gm_secular_Site-1536x837.jpg 1536w, https:\/\/seculargames.com.br\/loja\/wp-content\/uploads\/2024\/04\/cbrpnk_pamphlet_gm_secular_Site-2048x1116.jpg 2048w, https:\/\/seculargames.com.br\/loja\/wp-content\/uploads\/2024\/04\/cbrpnk_pamphlet_gm_secular_Site-416x227.jpg 416w\" sizes=\"auto, (max-width: 2560px) 100vw, 2560px\" \/><\/a><\/p>\n<p><a href=\"http:\/\/seculargames.com.br\/loja\/wp-content\/uploads\/2024\/04\/cbrpnk_pamphlet_framework-secular-_Site-scaled.jpg\"><img loading=\"lazy\" decoding=\"async\" class=\"alignnone size-full wp-image-1704642\" src=\"http:\/\/seculargames.com.br\/loja\/wp-content\/uploads\/2024\/04\/cbrpnk_pamphlet_framework-secular-_Site-scaled.jpg\" alt=\"\" width=\"2560\" height=\"1395\" srcset=\"https:\/\/seculargames.com.br\/loja\/wp-content\/uploads\/2024\/04\/cbrpnk_pamphlet_framework-secular-_Site-scaled.jpg 2560w, https:\/\/seculargames.com.br\/loja\/wp-content\/uploads\/2024\/04\/cbrpnk_pamphlet_framework-secular-_Site-300x163.jpg 300w, https:\/\/seculargames.com.br\/loja\/wp-content\/uploads\/2024\/04\/cbrpnk_pamphlet_framework-secular-_Site-1024x558.jpg 1024w, https:\/\/seculargames.com.br\/loja\/wp-content\/uploads\/2024\/04\/cbrpnk_pamphlet_framework-secular-_Site-768x418.jpg 768w, https:\/\/seculargames.com.br\/loja\/wp-content\/uploads\/2024\/04\/cbrpnk_pamphlet_framework-secular-_Site-1536x837.jpg 1536w, https:\/\/seculargames.com.br\/loja\/wp-content\/uploads\/2024\/04\/cbrpnk_pamphlet_framework-secular-_Site-2048x1116.jpg 2048w, https:\/\/seculargames.com.br\/loja\/wp-content\/uploads\/2024\/04\/cbrpnk_pamphlet_framework-secular-_Site-416x227.jpg 416w\" sizes=\"auto, (max-width: 2560px) 100vw, 2560px\" \/><\/a><\/p>\n<p><a href=\"http:\/\/seculargames.com.br\/loja\/wp-content\/uploads\/2024\/04\/cbrpnk_pamphlet_prdtr_secular_Site-scaled.jpg\"><img loading=\"lazy\" decoding=\"async\" class=\"alignnone size-full wp-image-1704643\" src=\"http:\/\/seculargames.com.br\/loja\/wp-content\/uploads\/2024\/04\/cbrpnk_pamphlet_prdtr_secular_Site-scaled.jpg\" alt=\"\" width=\"2560\" height=\"1395\" srcset=\"https:\/\/seculargames.com.br\/loja\/wp-content\/uploads\/2024\/04\/cbrpnk_pamphlet_prdtr_secular_Site-scaled.jpg 2560w, https:\/\/seculargames.com.br\/loja\/wp-content\/uploads\/2024\/04\/cbrpnk_pamphlet_prdtr_secular_Site-300x163.jpg 300w, https:\/\/seculargames.com.br\/loja\/wp-content\/uploads\/2024\/04\/cbrpnk_pamphlet_prdtr_secular_Site-1024x558.jpg 1024w, https:\/\/seculargames.com.br\/loja\/wp-content\/uploads\/2024\/04\/cbrpnk_pamphlet_prdtr_secular_Site-768x418.jpg 768w, https:\/\/seculargames.com.br\/loja\/wp-content\/uploads\/2024\/04\/cbrpnk_pamphlet_prdtr_secular_Site-1536x837.jpg 1536w, https:\/\/seculargames.com.br\/loja\/wp-content\/uploads\/2024\/04\/cbrpnk_pamphlet_prdtr_secular_Site-2048x1116.jpg 2048w, https:\/\/seculargames.com.br\/loja\/wp-content\/uploads\/2024\/04\/cbrpnk_pamphlet_prdtr_secular_Site-416x227.jpg 416w\" sizes=\"auto, (max-width: 2560px) 100vw, 2560px\" \/><\/a><\/p>\n<p>&nbsp;<\/p>\n","protected":false},"excerpt":{"rendered":"<p>O universo <strong>Cyberpunk<\/strong> em regras destiladas do Forged in the Dark (sistema de Blades in the Dark criado por John Harper) est\u00e1 ao seu alcance.<\/p>\n<p>Compre agora<span style=\"color: #ff00ff;\"><strong> CBR+PNK criado por Emanoel Melo<\/strong><\/span>, sucesso de p\u00fablico e cr\u00edtica internacional, lan\u00e7ado em mais 5 idiomas, agora em sua<span style=\"color: #ff0000;\"><strong> Vers\u00e3o Brasileira pela Secular Games<\/strong><\/span>.<\/p>\n<p>Com o fim da promo de pr\u00e9-venda liberamos aqui 2 Livretos especiais que voc\u00ea pode<strong> baixar gratuitamente<\/strong>, mesmo que n\u00e3o tenha comprado o CBR+PNK<\/p>\n<p><span style=\"color: #ff00ff;\"><strong>MONARISE<\/strong><\/span>, uma megal\u00f3pole para usar como cen\u00e1rio no jogo &#8211;<a href=\"http:\/\/seculargames.com.br\/loja\/wp-content\/uploads\/2024\/05\/Monarise.pdf\"><strong> Baixe Aqui<\/strong><\/a><\/p>\n<p><span style=\"color: #ff0000;\"><strong>HUNTERS<\/strong><\/span>, um conjunto de regras para Amea\u00e7as Especiais e Perigosas &#8211;<a href=\"http:\/\/seculargames.com.br\/loja\/wp-content\/uploads\/2024\/05\/Hunters.pdf\"><strong> Baixe Aqui<\/strong><\/a><\/p>\n<p>A vers\u00e3o em PDF (convers\u00e3o dos livretos), com download imediato j\u00e1 dispon\u00edvel e n\u00e3o conta para a meta de vendas impressas.<\/p>\n<p>&nbsp;<\/p>\n","protected":false},"featured_media":1705984,"comment_status":"open","ping_status":"closed","template":"","meta":[],"product_brand":[],"product_cat":[453,474,47],"product_tag":[454,455,456,41],"class_list":{"0":"post-1704650","1":"product","2":"type-product","3":"status-publish","4":"has-post-thumbnail","6":"product_cat-cbrpnk","7":"product_cat-lancamentos","8":"product_cat-pdf","9":"product_tag-cbrpnk","10":"product_tag-cyberpunk","11":"product_tag-emanoel-melo","12":"product_tag-rpg","14":"first","15":"instock","16":"downloadable","17":"virtual","18":"purchasable","19":"product-type-simple"},"_links":{"self":[{"href":"https:\/\/seculargames.com.br\/loja\/index.php\/wp-json\/wp\/v2\/product\/1704650","targetHints":{"allow":["GET"]}}],"collection":[{"href":"https:\/\/seculargames.com.br\/loja\/index.php\/wp-json\/wp\/v2\/product"}],"about":[{"href":"https:\/\/seculargames.com.br\/loja\/index.php\/wp-json\/wp\/v2\/types\/product"}],"replies":[{"embeddable":true,"href":"https:\/\/seculargames.com.br\/loja\/index.php\/wp-json\/wp\/v2\/comments?post=1704650"}],"wp:featuredmedia":[{"embeddable":true,"href":"https:\/\/seculargames.com.br\/loja\/index.php\/wp-json\/wp\/v2\/media\/1705984"}],"wp:attachment":[{"href":"https:\/\/seculargames.com.br\/loja\/index.php\/wp-json\/wp\/v2\/media?parent=1704650"}],"wp:term":[{"taxonomy":"product_brand","embeddable":true,"href":"https:\/\/seculargames.com.br\/loja\/index.php\/wp-json\/wp\/v2\/product_brand?post=1704650"},{"taxonomy":"product_cat","embeddable":true,"href":"https:\/\/seculargames.com.br\/loja\/index.php\/wp-json\/wp\/v2\/product_cat?post=1704650"},{"taxonomy":"product_tag","embeddable":true,"href":"https:\/\/seculargames.com.br\/loja\/index.php\/wp-json\/wp\/v2\/product_tag?post=1704650"}],"curies":[{"name":"wp","href":"https:\/\/api.w.org\/{rel}","templated":true}]}}