{"id":1704589,"date":"2024-04-22T08:51:22","date_gmt":"2024-04-22T11:51:22","guid":{"rendered":"https:\/\/seculargames.com.br\/loja\/?post_type=product&#038;p=1704589"},"modified":"2026-05-07T14:23:58","modified_gmt":"2026-05-07T17:23:58","slug":"cbrpnk-edicao-brasileira","status":"publish","type":"product","link":"https:\/\/seculargames.com.br\/loja\/index.php\/produto\/cbrpnk-edicao-brasileira\/","title":{"rendered":"CBR+PNK &#8211; Edi\u00e7\u00e3o Brasileira"},"content":{"rendered":"<p>&nbsp;<\/p>\n<p>Um dos mais aclamados internacionalmente, o RPG CBR+PNK \u00e9 focado em aventuras r\u00e1pidas e muita A\u00e7\u00e3o.<\/p>\n<p><a href=\"http:\/\/seculargames.com.br\/loja\/wp-content\/uploads\/2024\/04\/cbrpnk_pamphlet_gm_secular_Site-scaled.jpg\"><img loading=\"lazy\" decoding=\"async\" class=\"alignnone size-full wp-image-1704641\" src=\"http:\/\/seculargames.com.br\/loja\/wp-content\/uploads\/2024\/04\/cbrpnk_pamphlet_gm_secular_Site-scaled.jpg\" alt=\"\" width=\"2560\" height=\"1395\" srcset=\"https:\/\/seculargames.com.br\/loja\/wp-content\/uploads\/2024\/04\/cbrpnk_pamphlet_gm_secular_Site-scaled.jpg 2560w, https:\/\/seculargames.com.br\/loja\/wp-content\/uploads\/2024\/04\/cbrpnk_pamphlet_gm_secular_Site-300x163.jpg 300w, https:\/\/seculargames.com.br\/loja\/wp-content\/uploads\/2024\/04\/cbrpnk_pamphlet_gm_secular_Site-1024x558.jpg 1024w, https:\/\/seculargames.com.br\/loja\/wp-content\/uploads\/2024\/04\/cbrpnk_pamphlet_gm_secular_Site-768x418.jpg 768w, https:\/\/seculargames.com.br\/loja\/wp-content\/uploads\/2024\/04\/cbrpnk_pamphlet_gm_secular_Site-1536x837.jpg 1536w, https:\/\/seculargames.com.br\/loja\/wp-content\/uploads\/2024\/04\/cbrpnk_pamphlet_gm_secular_Site-2048x1116.jpg 2048w, https:\/\/seculargames.com.br\/loja\/wp-content\/uploads\/2024\/04\/cbrpnk_pamphlet_gm_secular_Site-416x227.jpg 416w\" sizes=\"auto, (max-width: 2560px) 100vw, 2560px\" \/><\/a><\/p>\n<p><a href=\"http:\/\/seculargames.com.br\/loja\/wp-content\/uploads\/2024\/04\/cbrpnk_pamphlet_framework-secular-_Site-scaled.jpg\"><img loading=\"lazy\" decoding=\"async\" class=\"alignnone size-full wp-image-1704642\" src=\"http:\/\/seculargames.com.br\/loja\/wp-content\/uploads\/2024\/04\/cbrpnk_pamphlet_framework-secular-_Site-scaled.jpg\" alt=\"\" width=\"2560\" height=\"1395\" srcset=\"https:\/\/seculargames.com.br\/loja\/wp-content\/uploads\/2024\/04\/cbrpnk_pamphlet_framework-secular-_Site-scaled.jpg 2560w, https:\/\/seculargames.com.br\/loja\/wp-content\/uploads\/2024\/04\/cbrpnk_pamphlet_framework-secular-_Site-300x163.jpg 300w, https:\/\/seculargames.com.br\/loja\/wp-content\/uploads\/2024\/04\/cbrpnk_pamphlet_framework-secular-_Site-1024x558.jpg 1024w, https:\/\/seculargames.com.br\/loja\/wp-content\/uploads\/2024\/04\/cbrpnk_pamphlet_framework-secular-_Site-768x418.jpg 768w, https:\/\/seculargames.com.br\/loja\/wp-content\/uploads\/2024\/04\/cbrpnk_pamphlet_framework-secular-_Site-1536x837.jpg 1536w, https:\/\/seculargames.com.br\/loja\/wp-content\/uploads\/2024\/04\/cbrpnk_pamphlet_framework-secular-_Site-2048x1116.jpg 2048w, https:\/\/seculargames.com.br\/loja\/wp-content\/uploads\/2024\/04\/cbrpnk_pamphlet_framework-secular-_Site-416x227.jpg 416w\" sizes=\"auto, (max-width: 2560px) 100vw, 2560px\" \/><\/a><\/p>\n<p><a href=\"http:\/\/seculargames.com.br\/loja\/wp-content\/uploads\/2024\/04\/cbrpnk_pamphlet_prdtr_secular_Site-scaled.jpg\"><img loading=\"lazy\" decoding=\"async\" class=\"alignnone size-full wp-image-1704643\" src=\"http:\/\/seculargames.com.br\/loja\/wp-content\/uploads\/2024\/04\/cbrpnk_pamphlet_prdtr_secular_Site-scaled.jpg\" alt=\"\" width=\"2560\" height=\"1395\" srcset=\"https:\/\/seculargames.com.br\/loja\/wp-content\/uploads\/2024\/04\/cbrpnk_pamphlet_prdtr_secular_Site-scaled.jpg 2560w, https:\/\/seculargames.com.br\/loja\/wp-content\/uploads\/2024\/04\/cbrpnk_pamphlet_prdtr_secular_Site-300x163.jpg 300w, https:\/\/seculargames.com.br\/loja\/wp-content\/uploads\/2024\/04\/cbrpnk_pamphlet_prdtr_secular_Site-1024x558.jpg 1024w, https:\/\/seculargames.com.br\/loja\/wp-content\/uploads\/2024\/04\/cbrpnk_pamphlet_prdtr_secular_Site-768x418.jpg 768w, https:\/\/seculargames.com.br\/loja\/wp-content\/uploads\/2024\/04\/cbrpnk_pamphlet_prdtr_secular_Site-1536x837.jpg 1536w, https:\/\/seculargames.com.br\/loja\/wp-content\/uploads\/2024\/04\/cbrpnk_pamphlet_prdtr_secular_Site-2048x1116.jpg 2048w, https:\/\/seculargames.com.br\/loja\/wp-content\/uploads\/2024\/04\/cbrpnk_pamphlet_prdtr_secular_Site-416x227.jpg 416w\" sizes=\"auto, (max-width: 2560px) 100vw, 2560px\" \/><\/a><\/p>\n<p>Dados projeto impresso:<\/p>\n<p><strong>Pasta \/ Luva<\/strong><\/p>\n<p>Dimens\u00f5es finais de 45,23 cm x 46,15 cm<br \/>\nCom 8 dobras<br \/>\n\u25cf Papel de 350g<br \/>\n\u25cf Impress\u00e3o CMYK + uma cor especial<br \/>\n\u25cf Acabamento em verniz UV<br \/>\n\u25cf Pasta montada para ser colocada no envelope\/luva<\/p>\n<p><strong>Envelope \/Luva<\/strong><\/p>\n<p>Papel\u00e3o revestido de um lado de 350 gramas.<br \/>\nDimens\u00f5es do envelope desdobrado: 220 mm de altura x 275 mm de largura.<br \/>\nImpresso em 2 cores, Tinta Neon PMS 803 C e cinza prateado.<\/p>\n<p><strong> Livretos (10 Livretos)\u00a0<\/strong><\/p>\n<p>\u25cf Dimens\u00f5es de 39,6 cm x 21,6 cm 3 dobras, dobradas ao meio para 9,9 cm x 21,6 cm 8 pain\u00e9is por livreto.<br \/>\n\u25cf Papel couch\u00e9 de 300 g<br \/>\n\u25cf 5 revestimento em UV Brilho 5 revestimento em UV Fosco<\/p>\n","protected":false},"excerpt":{"rendered":"<p><iframe loading=\"lazy\" class=\"giphy-embed\" src=\"https:\/\/giphy.com\/embed\/PnoBBZZEoJKEuK28si\" width=\"480\" height=\"271\" frameborder=\"0\" allowfullscreen=\"allowfullscreen\"><\/iframe><\/p>\n<p><a href=\"https:\/\/giphy.com\/gifs\/cyberpunk-cbr-pnk-PnoBBZZEoJKEuK28si\">via GIPHY<\/a><\/p>\n<p>O\u00a0 universo <strong>Cyberpunk<\/strong> em regras destiladas do Forged in the Dark (sistema de Blades in the Dark criado por John Harper) est\u00e1 ao seu alcance.<\/p>\n<p>Compre agora<span style=\"color: #ff00ff;\"><strong> CBR+PNK criado por Emanoel Melo<\/strong><\/span>, sucesso de p\u00fablico e cr\u00edtica internacional, lan\u00e7ado em mais 5 idiomas, agora em sua<span style=\"color: #ff0000;\"><strong> Vers\u00e3o Brasileira pela Secular Games<\/strong><\/span>.<\/p>\n<p>A vers\u00e3o Impressa acompanha a vers\u00e3o em PDF (convers\u00e3o dos livretos) j\u00e1 dispon\u00edvel.<\/p>\n<p>Com o<span style=\"color: #339966;\"><strong> fim da promo de pr\u00e9-venda<\/strong><\/span> liberamos aqui 2 Livretos especiais que voc\u00ea pode<strong> baixar gratuitamente<\/strong>, mesmo que n\u00e3o tenha comprado o CBR+PNK<\/p>\n<p><span style=\"color: #ff00ff;\"><strong>MONARISE<\/strong><\/span>, uma megal\u00f3pole para usar como cen\u00e1rio no jogo &#8211;<a href=\"http:\/\/seculargames.com.br\/loja\/wp-content\/uploads\/2024\/05\/Monarise.pdf\"><strong> Baixe Aqui<\/strong><\/a><\/p>\n<p><span style=\"color: #ff0000;\"><strong>HUNTERS<\/strong><\/span>, um conjunto de regras para Amea\u00e7as Especiais e Perigosas &#8211;<a href=\"http:\/\/seculargames.com.br\/loja\/wp-content\/uploads\/2024\/05\/Hunters.pdf\"><strong> Baixe Aqui<\/strong><\/a><\/p>\n<p>Entrega do jogo estimada para<span style=\"color: #008000;\"> <strong>Junho 2024<\/strong><\/span> (estimativa calculada a partir do desenvolvimento normal de projeto. Imprevistos ou fatos fora de nosso controle podem interferir nesse prazo)<\/p>\n","protected":false},"featured_media":1705983,"comment_status":"open","ping_status":"closed","template":"","meta":[],"product_brand":[],"product_cat":[453,474,463,35],"product_tag":[454,455,456,411,41],"class_list":{"0":"post-1704589","1":"product","2":"type-product","3":"status-publish","4":"has-post-thumbnail","6":"product_cat-cbrpnk","7":"product_cat-lancamentos","8":"product_cat-livreto","9":"product_cat-livro","10":"product_tag-cbrpnk","11":"product_tag-cyberpunk","12":"product_tag-emanoel-melo","13":"product_tag-impresso","14":"product_tag-rpg","15":"product_shipping_class-impresso","17":"first","18":"instock","19":"downloadable","20":"shipping-taxable","21":"purchasable","22":"product-type-simple"},"_links":{"self":[{"href":"https:\/\/seculargames.com.br\/loja\/index.php\/wp-json\/wp\/v2\/product\/1704589","targetHints":{"allow":["GET"]}}],"collection":[{"href":"https:\/\/seculargames.com.br\/loja\/index.php\/wp-json\/wp\/v2\/product"}],"about":[{"href":"https:\/\/seculargames.com.br\/loja\/index.php\/wp-json\/wp\/v2\/types\/product"}],"replies":[{"embeddable":true,"href":"https:\/\/seculargames.com.br\/loja\/index.php\/wp-json\/wp\/v2\/comments?post=1704589"}],"wp:featuredmedia":[{"embeddable":true,"href":"https:\/\/seculargames.com.br\/loja\/index.php\/wp-json\/wp\/v2\/media\/1705983"}],"wp:attachment":[{"href":"https:\/\/seculargames.com.br\/loja\/index.php\/wp-json\/wp\/v2\/media?parent=1704589"}],"wp:term":[{"taxonomy":"product_brand","embeddable":true,"href":"https:\/\/seculargames.com.br\/loja\/index.php\/wp-json\/wp\/v2\/product_brand?post=1704589"},{"taxonomy":"product_cat","embeddable":true,"href":"https:\/\/seculargames.com.br\/loja\/index.php\/wp-json\/wp\/v2\/product_cat?post=1704589"},{"taxonomy":"product_tag","embeddable":true,"href":"https:\/\/seculargames.com.br\/loja\/index.php\/wp-json\/wp\/v2\/product_tag?post=1704589"}],"curies":[{"name":"wp","href":"https:\/\/api.w.org\/{rel}","templated":true}]}}