{"id":1704146,"date":"2024-01-28T23:33:02","date_gmt":"2024-01-29T02:33:02","guid":{"rendered":"https:\/\/seculargames.com.br\/loja\/?post_type=product&#038;p=1704146"},"modified":"2025-11-27T07:20:48","modified_gmt":"2025-11-27T10:20:48","slug":"rebelr-narrativas-estelares-pdf","status":"publish","type":"product","link":"https:\/\/seculargames.com.br\/loja\/index.php\/produto\/rebelr-narrativas-estelares-pdf\/","title":{"rendered":"RebelR &#8211; Narrativas Estelares PDF"},"content":{"rendered":"<p><strong>RebelR<\/strong>\u00a0\u00e9 um jogo de\u00a0<strong>Fic\u00e7\u00e3o Cient\u00edfica Espacial<\/strong>\u00a0focado nas rela\u00e7\u00f5es entre os tripulantes de uma\u00a0<strong>Nave Estelar\u00a0<\/strong>lidando com os desafios e aprendizados durante sua jornada. O jogo leva voc\u00ea a diferentes tipos de aventuras no espa\u00e7o, desde tripular uma nave gigantesca com centenas de tripulantes e as pessoas jogadores ser\u00e3o os Oficiais de Comando, ao estilo de\u00a0<strong>Star Trek\u00a0<\/strong>ou\u00a0<strong>Battlestar Galactica<\/strong>, at\u00e9 gerenciar uma pequena nave independente que serve como casa e transporte de um grupo de mercen\u00e1rios ou aventureiros, como a\u00a0<strong>Millenium Falcon de Lando Calrissian e Han Solo<\/strong>\u00a0ou a\u00a0<strong>Serenity do Capit\u00e3o Malcolm &#8220;Mal&#8221; Reynolds<\/strong>.<\/p>\n<p>A vers\u00e3o pdf cont\u00eam:<\/p>\n<p>* 1 Livro Base wide PDF 284 pag. Interior Colorido<\/p>\n<p>* 5 Revistas Manuais de Profiss\u00e3o wide 16 pag. Interior P&amp;B<\/p>\n<p><em><strong>Fichas Interativas<\/strong><\/em><br \/>\n<a href=\"http:\/\/seculargames.com.br\/loja\/wp-content\/uploads\/2024\/02\/Comando2.pdf\"><strong>Comandante Estelar<\/strong> <\/a>| <a href=\"http:\/\/seculargames.com.br\/loja\/wp-content\/uploads\/2024\/02\/Ciencias2.pdf\"><strong>Ci\u00eancias e Astrof\u00edsica<\/strong><\/a> | <a href=\"http:\/\/seculargames.com.br\/loja\/wp-content\/uploads\/2024\/02\/Engenharia2.pdf\"><strong>Engenharia Graviton<\/strong><\/a> | <a href=\"http:\/\/seculargames.com.br\/loja\/wp-content\/uploads\/2024\/02\/Piloto2.pdf\"><strong>Pilotagem e Navega\u00e7\u00e3o<\/strong><\/a> |<a href=\"http:\/\/seculargames.com.br\/loja\/wp-content\/uploads\/2024\/02\/Seguranca2.pdf\"><strong> Opera\u00e7\u00f5es e Seguran\u00e7a<\/strong><\/a><\/p>\n<p><a href=\"http:\/\/seculargames.com.br\/loja\/wp-content\/uploads\/2024\/02\/Verso2.pdf\"><strong>Verso padr\u00e3o<\/strong><\/a><\/p>\n<p><strong><em>Trama Oficial<\/em><\/strong><\/p>\n<p><a href=\"https:\/\/seculargames.com.br\/loja\/wp-content\/uploads\/2024\/03\/Tremores-MisterioNoPlanetaIndustrial.pdf\"><strong>Tremores &#8211; O Mist\u00e9rio No Planeta Industrial<\/strong><\/a><\/p>\n","protected":false},"excerpt":{"rendered":"<p>Edi\u00e7\u00e3o PDF do jogo Sci-Fi sobre explora\u00e7\u00e3o espacial, aprendizado e aventura no S\u00e9culo 24<\/p>\n<p>A vers\u00e3o pdf cont\u00eam:<\/p>\n<p>* 1 Livro Base wide PDF 284 pag. Interior Colorido<\/p>\n<p>* 5 Revistas Manuais de Profiss\u00e3o wide 16 pag. Interior P&amp;B<\/p>\n<p>Extras:<\/p>\n<p><a href=\"http:\/\/seculargames.com.br\/loja\/wp-content\/uploads\/2024\/01\/FichaBase-impressao.pdf\"><strong>Ficha de Nave A2 para Impress\u00e3o<\/strong><\/a><\/p>\n<p><a href=\"http:\/\/seculargames.com.br\/loja\/wp-content\/uploads\/2024\/01\/ArquivosProtagonista-impressao.pdf\"><strong>Fichas de Protagonista A4 para Impress\u00e3o<\/strong><\/a><\/p>\n<p><em><strong>Fichas Interativas<\/strong><\/em><br \/>\n<a href=\"http:\/\/seculargames.com.br\/loja\/wp-content\/uploads\/2024\/02\/Comando2.pdf\"><strong>Comandante Estelar<\/strong> <\/a>| <a href=\"http:\/\/seculargames.com.br\/loja\/wp-content\/uploads\/2024\/02\/Ciencias2.pdf\"><strong>Ci\u00eancias e Astrof\u00edsica<\/strong><\/a> | <a href=\"http:\/\/seculargames.com.br\/loja\/wp-content\/uploads\/2024\/02\/Engenharia2.pdf\"><strong>Engenharia Graviton<\/strong><\/a> | <a href=\"http:\/\/seculargames.com.br\/loja\/wp-content\/uploads\/2024\/02\/Piloto2.pdf\"><strong>Pilotagem e Navega\u00e7\u00e3o<\/strong><\/a> |<a href=\"http:\/\/seculargames.com.br\/loja\/wp-content\/uploads\/2024\/02\/Seguranca2.pdf\"><strong> Opera\u00e7\u00f5es e Seguran\u00e7a<\/strong><\/a><\/p>\n<p><a href=\"http:\/\/seculargames.com.br\/loja\/wp-content\/uploads\/2024\/02\/Verso2.pdf\"><strong>Verso padr\u00e3o<\/strong><\/a><\/p>\n<p><strong><em>Trama Oficial<\/em><\/strong><\/p>\n<p><a href=\"https:\/\/seculargames.com.br\/loja\/wp-content\/uploads\/2024\/03\/Tremores-MisterioNoPlanetaIndustrial.pdf\"><strong>Tremores &#8211; O Mist\u00e9rio No Planeta Industrial<\/strong><\/a><\/p>\n","protected":false},"featured_media":1704147,"comment_status":"open","ping_status":"closed","template":"","meta":[],"product_brand":[],"product_cat":[474,47,245,37,431],"product_tag":[433,38,41,432],"class_list":{"0":"post-1704146","1":"product","2":"type-product","3":"status-publish","4":"has-post-thumbnail","6":"product_cat-lancamentos","7":"product_cat-pdf","8":"product_cat-queen-system","9":"product_cat-rebel-rebel","10":"product_cat-rebelr","11":"product_tag-narrativa","12":"product_tag-pdf","13":"product_tag-rpg","14":"product_tag-scifi","15":"product_shipping_class-impresso","17":"first","18":"instock","19":"downloadable","20":"virtual","21":"purchasable","22":"product-type-simple"},"_links":{"self":[{"href":"https:\/\/seculargames.com.br\/loja\/index.php\/wp-json\/wp\/v2\/product\/1704146","targetHints":{"allow":["GET"]}}],"collection":[{"href":"https:\/\/seculargames.com.br\/loja\/index.php\/wp-json\/wp\/v2\/product"}],"about":[{"href":"https:\/\/seculargames.com.br\/loja\/index.php\/wp-json\/wp\/v2\/types\/product"}],"replies":[{"embeddable":true,"href":"https:\/\/seculargames.com.br\/loja\/index.php\/wp-json\/wp\/v2\/comments?post=1704146"}],"wp:featuredmedia":[{"embeddable":true,"href":"https:\/\/seculargames.com.br\/loja\/index.php\/wp-json\/wp\/v2\/media\/1704147"}],"wp:attachment":[{"href":"https:\/\/seculargames.com.br\/loja\/index.php\/wp-json\/wp\/v2\/media?parent=1704146"}],"wp:term":[{"taxonomy":"product_brand","embeddable":true,"href":"https:\/\/seculargames.com.br\/loja\/index.php\/wp-json\/wp\/v2\/product_brand?post=1704146"},{"taxonomy":"product_cat","embeddable":true,"href":"https:\/\/seculargames.com.br\/loja\/index.php\/wp-json\/wp\/v2\/product_cat?post=1704146"},{"taxonomy":"product_tag","embeddable":true,"href":"https:\/\/seculargames.com.br\/loja\/index.php\/wp-json\/wp\/v2\/product_tag?post=1704146"}],"curies":[{"name":"wp","href":"https:\/\/api.w.org\/{rel}","templated":true}]}}