{"id":161692,"date":"2019-10-27T09:59:00","date_gmt":"2019-10-27T12:59:00","guid":{"rendered":"https:\/\/www.secular-games.com\/?post_type=product&#038;p=161692"},"modified":"2026-03-06T02:30:34","modified_gmt":"2026-03-06T05:30:34","slug":"gstq-em-busca-da-mascara-de-anubis","status":"publish","type":"product","link":"https:\/\/seculargames.com.br\/loja\/index.php\/produto\/gstq-em-busca-da-mascara-de-anubis\/","title":{"rendered":"GStQ em busca da M\u00e1scara de An\u00fabis"},"content":{"rendered":"<p>&nbsp;<\/p>\n<p><a href=\"http:\/\/seculargames.com.br\/loja\/wp-content\/uploads\/2019\/10\/capaanubmaskSec.jpg\"><img loading=\"lazy\" decoding=\"async\" class=\"alignnone size-full wp-image-703325\" src=\"http:\/\/seculargames.com.br\/loja\/wp-content\/uploads\/2019\/10\/capaanubmaskSec.jpg\" alt=\"\" width=\"690\" height=\"979\" srcset=\"https:\/\/seculargames.com.br\/loja\/wp-content\/uploads\/2019\/10\/capaanubmaskSec.jpg 690w, https:\/\/seculargames.com.br\/loja\/wp-content\/uploads\/2019\/10\/capaanubmaskSec-211x300.jpg 211w, https:\/\/seculargames.com.br\/loja\/wp-content\/uploads\/2019\/10\/capaanubmaskSec-416x590.jpg 416w\" sizes=\"auto, (max-width: 690px) 100vw, 690px\" \/><\/a><\/p>\n<p><strong>Goddess Save the Queen em busca da M\u00e1scara de An\u00fabis<\/strong> \u00e9 um Aventura aventura completa que vai levar as protagonistas at\u00e9 o Egito onde tentar\u00e3o salvar um casal de Arque\u00f3logos que possui um segredo perigos: A localiza\u00e7\u00e3o de um artefato capaz de reviver os mortos.<\/p>\n<p>Junte suas agentes e viaje para desvendar esse mist\u00e9rio e impedir que este perigo caia em m\u00e3o erradas.<\/p>\n<p>E s\u00f3 na <strong>Secular Games<\/strong> voc\u00ea compra o <strong>PDF completo da aventura!<\/strong><\/p>\n<p>Julio Matos<br \/>\n17<br \/>\nColorido, digital.<\/p>\n","protected":false},"excerpt":{"rendered":"<p>Um Jogo de Aventura, A\u00e7\u00e3o e Mist\u00e9rio nos anos 20!<\/p>\n","protected":false},"featured_media":703326,"comment_status":"open","ping_status":"closed","template":"","meta":[],"product_brand":[],"product_cat":[247,47],"product_tag":[259,250,261,260,248,249,258,251,41],"class_list":{"0":"post-161692","1":"product","2":"type-product","3":"status-publish","4":"has-post-thumbnail","6":"product_cat-goddess-save-the-queen","7":"product_cat-pdf","8":"product_tag-anubis","9":"product_tag-aventura","10":"product_tag-cairo","11":"product_tag-egito","12":"product_tag-gstq","13":"product_tag-julio-matos","14":"product_tag-mascara","15":"product_tag-pulp","16":"product_tag-rpg","17":"product_shipping_class-impresso","19":"first","20":"instock","21":"downloadable","22":"virtual","23":"purchasable","24":"product-type-simple"},"_links":{"self":[{"href":"https:\/\/seculargames.com.br\/loja\/index.php\/wp-json\/wp\/v2\/product\/161692","targetHints":{"allow":["GET"]}}],"collection":[{"href":"https:\/\/seculargames.com.br\/loja\/index.php\/wp-json\/wp\/v2\/product"}],"about":[{"href":"https:\/\/seculargames.com.br\/loja\/index.php\/wp-json\/wp\/v2\/types\/product"}],"replies":[{"embeddable":true,"href":"https:\/\/seculargames.com.br\/loja\/index.php\/wp-json\/wp\/v2\/comments?post=161692"}],"wp:featuredmedia":[{"embeddable":true,"href":"https:\/\/seculargames.com.br\/loja\/index.php\/wp-json\/wp\/v2\/media\/703326"}],"wp:attachment":[{"href":"https:\/\/seculargames.com.br\/loja\/index.php\/wp-json\/wp\/v2\/media?parent=161692"}],"wp:term":[{"taxonomy":"product_brand","embeddable":true,"href":"https:\/\/seculargames.com.br\/loja\/index.php\/wp-json\/wp\/v2\/product_brand?post=161692"},{"taxonomy":"product_cat","embeddable":true,"href":"https:\/\/seculargames.com.br\/loja\/index.php\/wp-json\/wp\/v2\/product_cat?post=161692"},{"taxonomy":"product_tag","embeddable":true,"href":"https:\/\/seculargames.com.br\/loja\/index.php\/wp-json\/wp\/v2\/product_tag?post=161692"}],"curies":[{"name":"wp","href":"https:\/\/api.w.org\/{rel}","templated":true}]}}