{"id":154207,"date":"2019-10-20T10:05:28","date_gmt":"2019-10-20T13:05:28","guid":{"rendered":"https:\/\/www.secular-games.com\/?post_type=product&#038;p=154207"},"modified":"2026-04-11T08:22:11","modified_gmt":"2026-04-11T11:22:11","slug":"goddess-save-the-queen-pdf","status":"publish","type":"product","link":"https:\/\/seculargames.com.br\/loja\/index.php\/produto\/goddess-save-the-queen-pdf\/","title":{"rendered":"Goddess Save the Queen PDF"},"content":{"rendered":"<p><a href=\"http:\/\/seculargames.com.br\/loja\/wp-content\/uploads\/2019\/10\/TopProdutoGStQ.jpg\"><img loading=\"lazy\" decoding=\"async\" class=\"alignnone size-full wp-image-703359\" src=\"http:\/\/seculargames.com.br\/loja\/wp-content\/uploads\/2019\/10\/TopProdutoGStQ.jpg\" alt=\"\" width=\"1500\" height=\"430\" srcset=\"https:\/\/seculargames.com.br\/loja\/wp-content\/uploads\/2019\/10\/TopProdutoGStQ.jpg 1500w, https:\/\/seculargames.com.br\/loja\/wp-content\/uploads\/2019\/10\/TopProdutoGStQ-300x86.jpg 300w, https:\/\/seculargames.com.br\/loja\/wp-content\/uploads\/2019\/10\/TopProdutoGStQ-1024x294.jpg 1024w, https:\/\/seculargames.com.br\/loja\/wp-content\/uploads\/2019\/10\/TopProdutoGStQ-768x220.jpg 768w, https:\/\/seculargames.com.br\/loja\/wp-content\/uploads\/2019\/10\/TopProdutoGStQ-416x119.jpg 416w\" sizes=\"auto, (max-width: 1500px) 100vw, 1500px\" \/><\/a><\/p>\n<p><strong>Goddess Save te Queen<\/strong> \u00e9 um Jogo de Aventura Narrativa de a\u00e7\u00e3o, aventura e mist\u00e9rio. O jogo se passa no per\u00edodo entre as duas grandes guerras, na d\u00e9cada de 20, onde o Imp\u00e9rio Brit\u00e2nico come\u00e7a a demonstrar sua decad\u00eancia<span class=\"text_exposed_show\">.<\/span><\/p>\n<p>Nesse contexto, diversos relatos de artefatos e vest\u00edgios de civiliza\u00e7\u00f5es antigas come\u00e7am a pipocar pelo mundo, levando a Coroa Brit\u00e2nica a desenvolver uma divis\u00e3o especial do servi\u00e7o secreto, a Divis\u00e3o Goddess, respons\u00e1vel por encontrar e neutralizar poss\u00edveis amea\u00e7as desconhecidas provenientes de lendas, mitos e manifesta\u00e7\u00f5es ligadas a antigas civiliza\u00e7\u00f5es.<\/p>\n<p>Adquira agora<strong> a vers\u00e3o completa em PDF (com bookmarks)!<\/strong><\/p>\n<p>&nbsp;<\/p>\n<p>Acompanha Fichas para Impress\u00e3o<\/p>\n<p><em>&#8220;Um dos mais lindos livros brazucas que j\u00e1 vi. Serio, n\u00e3o perde em nada para produ\u00e7\u00f5es exteriores. O texto \u00e9 fluido, did\u00e1tico, e inclusivo. As ilustra\u00e7\u00f5es s\u00e3o de uma simplicidade elegant\u00edssima (e inclusiva). A diagrama\u00e7\u00e3o t\u00e1 de cair o cu da bunda de t\u00e3o show. Nada de tokenismos aqui (ato de por UM \u00fanico indiv\u00edduo representando uma minoria, geralmente de forma at\u00e9 caricata, para dar falsa impress\u00e3o de representatividade), as mulheres dominam a parada mesmo! S\u00f3 foi uma pena ter faltado a representa\u00e7\u00e3o de uma mulher Trans, com isso, ter\u00edamos todas \u00e0s mulheridades representadas na obra. Mas t\u00e1 valendo, o futuro t\u00e1 a\u00ed pra ser mudado.<\/em><br \/>\n<em>Escrito a duas m\u00e3os (tendo uma mina como autora!), GSTQueen me surpreendeu mesmo. S\u00f3 em ler umas poucas paginas j\u00e1 estava mentalmente planejando uma campanha. Esse eu vou, n\u00e3o s\u00f3 narrar, como espelhar por a\u00ed! E se der, de quebra, ainda produzo material f\u00e3 pra ele.&#8221;<\/em><\/p>\n<p>Franz Andrade<\/p>\n<p>Nesta s\u00e9rie de v\u00eddeos voc\u00ea pode acompanhar uma aventura completa, de um jogo conduzido pelo canal\u00a0<strong>Caquitas Podcast<\/strong>\u00a0com muitas cenas de aventura e reviravoltas!<\/p>\n<p>Confira como \u00e9 jogar Goddess Save the Queen.<\/p>\n<p><strong>GStQ<\/strong> j\u00e1 nasce com um suporte especial aqui na Secular Games.<\/p>\n<p>Temos dispon\u00edvel o nosso &#8220;<strong>Fast Play<\/strong>&#8221; inteiramente gratuito com uma vers\u00e3o resumida das regras e uma aventura completa para voc\u00ea dar seus primeiros passos com o jogo.<\/p>\n<p>A Aventura &#8220;<strong>A M\u00e1scara de Anubis<\/strong>&#8221; vai colocar as Protagonistas em uma persegui\u00e7\u00e3o pelo Egito, em meio a uma revolta, tentando salvar um casal de Arque\u00f3logos e um perigos\u00edssimo artefato capaz de trazer pessoas de volta do mundo dos mortos.<\/p>\n<p>Em &#8220;<strong>O \u00daltimo Drag\u00e3o Chin\u00eas<\/strong>&#8221; as agentes v\u00e3o enfrentar uma perigosa m\u00e1fia no oriente para recolher um artefato antigo e perigoso.<\/p>\n<p>Al\u00e9m disso, voc\u00ea pode baixar nos nosso extras as ficha de personagem para impress\u00e3o e o nosso &#8220;Guia de Constru\u00e7\u00e3o&#8221; do <strong>Queen System<\/strong>, um pequeno manual para entender melhor as mec\u00e2nicas e produzir hacks com o jogo.<\/p>\n<p>Carolina Neves &amp; Julio Matos<br \/>\n188<br \/>\nDigital em PDF, Conte\u00fado em P&amp;B, bookmarked<\/p>\n","protected":false},"excerpt":{"rendered":"<p>Um Jogo de Aventura, A\u00e7\u00e3o e Mist\u00e9rio nos anos 20!<\/p>\n","protected":false},"featured_media":703361,"comment_status":"open","ping_status":"closed","template":"","meta":[],"product_brand":[],"product_cat":[247,47,245],"product_tag":[250,263,248,249,38,251,41],"class_list":{"0":"post-154207","1":"product","2":"type-product","3":"status-publish","4":"has-post-thumbnail","6":"product_cat-goddess-save-the-queen","7":"product_cat-pdf","8":"product_cat-queen-system","9":"product_tag-aventura","10":"product_tag-carolina-neves","11":"product_tag-gstq","12":"product_tag-julio-matos","13":"product_tag-pdf","14":"product_tag-pulp","15":"product_tag-rpg","16":"product_shipping_class-impresso","18":"first","19":"instock","20":"featured","21":"downloadable","22":"virtual","23":"purchasable","24":"product-type-simple"},"_links":{"self":[{"href":"https:\/\/seculargames.com.br\/loja\/index.php\/wp-json\/wp\/v2\/product\/154207","targetHints":{"allow":["GET"]}}],"collection":[{"href":"https:\/\/seculargames.com.br\/loja\/index.php\/wp-json\/wp\/v2\/product"}],"about":[{"href":"https:\/\/seculargames.com.br\/loja\/index.php\/wp-json\/wp\/v2\/types\/product"}],"replies":[{"embeddable":true,"href":"https:\/\/seculargames.com.br\/loja\/index.php\/wp-json\/wp\/v2\/comments?post=154207"}],"wp:featuredmedia":[{"embeddable":true,"href":"https:\/\/seculargames.com.br\/loja\/index.php\/wp-json\/wp\/v2\/media\/703361"}],"wp:attachment":[{"href":"https:\/\/seculargames.com.br\/loja\/index.php\/wp-json\/wp\/v2\/media?parent=154207"}],"wp:term":[{"taxonomy":"product_brand","embeddable":true,"href":"https:\/\/seculargames.com.br\/loja\/index.php\/wp-json\/wp\/v2\/product_brand?post=154207"},{"taxonomy":"product_cat","embeddable":true,"href":"https:\/\/seculargames.com.br\/loja\/index.php\/wp-json\/wp\/v2\/product_cat?post=154207"},{"taxonomy":"product_tag","embeddable":true,"href":"https:\/\/seculargames.com.br\/loja\/index.php\/wp-json\/wp\/v2\/product_tag?post=154207"}],"curies":[{"name":"wp","href":"https:\/\/api.w.org\/{rel}","templated":true}]}}