{"id":10,"date":"2023-01-21T10:56:29","date_gmt":"2023-01-21T13:56:29","guid":{"rendered":"http:\/\/seculargames.com.br\/loja\/?page_id=10"},"modified":"2023-01-21T10:57:15","modified_gmt":"2023-01-21T13:57:15","slug":"reembolso_devolucoes","status":"publish","type":"page","link":"https:\/\/seculargames.com.br\/loja\/index.php\/reembolso_devolucoes\/","title":{"rendered":"Pol\u00edtica de Envio"},"content":{"rendered":"\n<p>Leia com aten\u00e7\u00e3o nossas regras<\/p>\n\n\n\n<p><h3>Envios<\/h3><\/p>\n\n\n\n<p>Somos um coletivo de autores formado por quatro pessoas e toda a opera\u00e7\u00e3o \u00e9 feita por n\u00f3s Os envios s\u00e3o feitos por um dos nossos autores que faz isso nas horas vagas. Por isso o despacho de suas compras pode demorar mais que o normal, as vezes at\u00e9 mais de 10 dias. N\u00e3o se assuste pois a Secular tem mais de 15 anos de estrada e sempre entrogou todas suas compras.<\/p>\n\n\n\n<p>Vamos tentar sempre lhe manter avisado e se demorar mais que 10 dias para mudar seu status, mande e-mail pra gente contato@seculargames.com.br<\/p>\n\n\n\n<p><h2>Reembolso  Devolu\u00e7\u00f5es<\/h2><\/p>\n\n\n\n<p>Como somos pequenos, faremos o poss\u00edvel para entregar seu produto. Se mesmo assim houver problema e voc\u00ea queira seu dinheiro de volta, estamos prontos para bater um papo e resolver.<\/p>\n\n\n\n<p><\/p>\n\n\n\n<p><h2>Ainda com d\u00favidas?<\/h2><\/p>\n\n\n\n<p>Contate via e-mail. \u00c9 o melhor canal para resolu\u00e7\u00f5es contato@seculargames.com.br.<\/p>\n","protected":false},"excerpt":{"rendered":"<p>Leia com aten\u00e7\u00e3o nossas regras Envios Somos um coletivo de autores formado por quatro pessoas e toda a opera\u00e7\u00e3o \u00e9 feita por n\u00f3s Os envios s\u00e3o feitos por um dos nossos autores que faz isso nas horas vagas. Por isso o despacho de suas compras pode demorar mais que o normal, as vezes at\u00e9 mais [&hellip;]<\/p>\n","protected":false},"author":1,"featured_media":0,"parent":0,"menu_order":0,"comment_status":"closed","ping_status":"closed","template":"","meta":{"footnotes":""},"class_list":["post-10","page","type-page","status-publish","hentry"],"_links":{"self":[{"href":"https:\/\/seculargames.com.br\/loja\/index.php\/wp-json\/wp\/v2\/pages\/10","targetHints":{"allow":["GET"]}}],"collection":[{"href":"https:\/\/seculargames.com.br\/loja\/index.php\/wp-json\/wp\/v2\/pages"}],"about":[{"href":"https:\/\/seculargames.com.br\/loja\/index.php\/wp-json\/wp\/v2\/types\/page"}],"author":[{"embeddable":true,"href":"https:\/\/seculargames.com.br\/loja\/index.php\/wp-json\/wp\/v2\/users\/1"}],"replies":[{"embeddable":true,"href":"https:\/\/seculargames.com.br\/loja\/index.php\/wp-json\/wp\/v2\/comments?post=10"}],"version-history":[{"count":2,"href":"https:\/\/seculargames.com.br\/loja\/index.php\/wp-json\/wp\/v2\/pages\/10\/revisions"}],"predecessor-version":[{"id":703250,"href":"https:\/\/seculargames.com.br\/loja\/index.php\/wp-json\/wp\/v2\/pages\/10\/revisions\/703250"}],"wp:attachment":[{"href":"https:\/\/seculargames.com.br\/loja\/index.php\/wp-json\/wp\/v2\/media?parent=10"}],"curies":[{"name":"wp","href":"https:\/\/api.w.org\/{rel}","templated":true}]}}